{"id":10,"date":"2016-10-28T09:19:42","date_gmt":"2016-10-28T08:19:42","guid":{"rendered":"http:\/\/proyeccionesalairelibre.com\/?page_id=10"},"modified":"2026-03-10T13:38:49","modified_gmt":"2026-03-10T12:38:49","slug":"contacto","status":"publish","type":"page","link":"https:\/\/proyeccionesalairelibre.com\/gl_es\/contacto\/","title":{"rendered":"Contacto"},"content":{"rendered":"<div class=\"wpb-content-wrapper\"><div class=\"vc_row wpb_row vc_row-fluid\"><div class=\"wpb_column vc_column_container vc_col-sm-12\"><div class=\"vc_column-inner\"><div class=\"wpb_wrapper\">\n\t<div class=\"wpb_text_column wpb_content_element\" >\n\t\t<div class=\"wpb_wrapper\">\n\t\t\t<h1>Contacto<\/h1>\n\n\t\t<\/div>\n\t<\/div>\n<\/div><\/div><\/div><\/div><div class=\"vc_row wpb_row vc_row-fluid\"><div class=\"wpb_column vc_column_container vc_col-sm-12\"><div class=\"vc_column-inner\"><div class=\"wpb_wrapper\">\n\t<div class=\"wpb_text_column wpb_content_element\" >\n\t\t<div class=\"wpb_wrapper\">\n\t\t\t<p><\/p>\n\n\t\t<\/div>\n\t<\/div>\n<\/div><\/div><\/div><\/div><div class=\"vc_row wpb_row vc_row-fluid\"><div class=\"wpb_column vc_column_container vc_col-sm-4\"><div class=\"vc_column-inner\"><div class=\"wpb_wrapper\">\n\t<div class=\"wpb_text_column wpb_content_element\" >\n\t\t<div class=\"wpb_wrapper\">\n\t\t\t<p><strong>Formulario de Contacto:<\/strong><\/p>\n<div style=\"margin-top: 20px !important;\">\u00a0\n<div class=\"wpcf7 no-js\" id=\"wpcf7-f9-o1\" lang=\"es-ES\" dir=\"ltr\" data-wpcf7-id=\"9\">\n<div class=\"screen-reader-response\"><p role=\"status\" aria-live=\"polite\" aria-atomic=\"true\"><\/p> <ul><\/ul><\/div>\n<form action=\"\/gl_es\/wp-json\/wp\/v2\/pages\/10#wpcf7-f9-o1\" method=\"post\" class=\"wpcf7-form init\" aria-label=\"Contact form\" novalidate=\"novalidate\" data-status=\"init\" data-trp-original-action=\"\/gl_es\/wp-json\/wp\/v2\/pages\/10#wpcf7-f9-o1\">\n<fieldset class=\"hidden-fields-container\"><input type=\"hidden\" name=\"_wpcf7\" value=\"9\" \/><input type=\"hidden\" name=\"_wpcf7_version\" value=\"6.1.5\" \/><input type=\"hidden\" name=\"_wpcf7_locale\" value=\"es_ES\" \/><input type=\"hidden\" name=\"_wpcf7_unit_tag\" value=\"wpcf7-f9-o1\" \/><input type=\"hidden\" name=\"_wpcf7_container_post\" value=\"0\" \/><input type=\"hidden\" name=\"_wpcf7_posted_data_hash\" value=\"\" \/>\n<\/fieldset>\n<p><label> Nombre (requerido)<br \/>\n<span class=\"wpcf7-form-control-wrap\" data-name=\"your-name\"><input size=\"40\" maxlength=\"400\" class=\"wpcf7-form-control wpcf7-text wpcf7-validates-as-required\" aria-required=\"true\" aria-invalid=\"false\" value=\"\" type=\"text\" name=\"your-name\" \/><\/span> <\/label>\n<\/p>\n<p><label> Correo electr\u00f3nico (requerido)<br \/>\n<span class=\"wpcf7-form-control-wrap\" data-name=\"your-email\"><input size=\"40\" maxlength=\"400\" class=\"wpcf7-form-control wpcf7-email wpcf7-validates-as-required wpcf7-text wpcf7-validates-as-email\" aria-required=\"true\" aria-invalid=\"false\" value=\"\" type=\"email\" name=\"your-email\" \/><\/span> <\/label>\n<\/p>\n<p><label> Asunto<br \/>\n<span class=\"wpcf7-form-control-wrap\" data-name=\"your-subject\"><input size=\"40\" maxlength=\"400\" class=\"wpcf7-form-control wpcf7-text\" aria-invalid=\"false\" value=\"\" type=\"text\" name=\"your-subject\" \/><\/span> <\/label>\n<\/p>\n<p><label> Mensaxe<br \/>\n<span class=\"wpcf7-form-control-wrap\" data-name=\"your-message\"><textarea cols=\"40\" rows=\"10\" maxlength=\"2000\" class=\"wpcf7-form-control wpcf7-textarea\" aria-invalid=\"false\" name=\"your-message\"><\/textarea><\/span> <\/label>\n<\/p>\n<p><input type=\"hidden\" name=\"_wpcf7_captcha_challenge_captcha-1\" value=\"2107264462\" \/><img loading=\"lazy\" decoding=\"async\" class=\"wpcf7-form-control wpcf7-captchac wpcf7-captcha-captcha-1\" width=\"72\" height=\"24\" alt=\"captcha\" src=\"https:\/\/proyeccionesalairelibre.com\/wp-content\/uploads\/wpcf7_captcha\/2107264462.png\" \/><span class=\"wpcf7-form-control-wrap\" data-name=\"captcha-1\"><input size=\"40\" class=\"wpcf7-form-control wpcf7-captchar\" autocomplete=\"off\" aria-invalid=\"false\" value=\"\" type=\"text\" name=\"captcha-1\" \/><\/span>\n<\/p>\n<p><input class=\"wpcf7-form-control wpcf7-submit has-spinner\" type=\"submit\" value=\"Enviar\" \/>\n<\/p><div class=\"wpcf7-response-output\" aria-hidden=\"true\"><\/div>\n<input type=\"hidden\" name=\"trp-form-language\" value=\"gl_es\"\/><\/form>\n<\/div>\n<\/div>\n\n\t\t<\/div>\n\t<\/div>\n<\/div><\/div><\/div><div class=\"wpb_column vc_column_container vc_col-sm-8\"><div class=\"vc_column-inner\"><div class=\"wpb_wrapper\">\n\t<div class=\"wpb_text_column wpb_content_element\" >\n\t\t<div class=\"wpb_wrapper\">\n\t\t\t<p><strong>Mapa:<\/strong><\/p>\n<p><center><br \/>\n<iframe loading=\"lazy\" style=\"border: 0;\" src=\"https:\/\/www.google.com\/maps\/embed?pb=!1m18!1m12!1m3!1d2934.3349430068242!2d-8.114304784149192!3d42.65425707916816!2m3!1f0!2f0!3f0!3m2!1i1024!2i768!4f13.1!3m3!1m2!1s0xd2fc0b555bc07bd%3A0x7020a5f4d6c823fc!2sAv.+Buenos+Aires%2C+103%2C+36500+Lal%C3%ADn%2C+Pontevedra!5e0!3m2!1ses!2ses!4v1477644359537\" width=\"600\" height=\"450\" frameborder=\"0\" allowfullscreen=\"allowfullscreen\"><\/iframe><\/center>&nbsp;<\/p>\n<p><center><b><a href=\"http:\/\/www.supernova.gal\">Supernova<\/a>:<\/b> proyeccionesalairelibre<\/center><center><\/center><center><\/center><center>De conformidad con el Reglamento (UE) 2016\/679 (RGPD) y la Ley Org\u00e1nica 3\/2018 (LOPDGDD), le informamos de que los datos personales que nos facilite a trav\u00e9s de este formulario ser\u00e1n tratados con la finalidad de atender su solicitud y gestionar la relaci\u00f3n que pudiera derivarse.<\/center><center><br \/>\nPuede ejercer sus derechos de acceso, rectificaci\u00f3n, supresi\u00f3n, oposici\u00f3n, limitaci\u00f3n del tratamiento y portabilidad enviando un correo electr\u00f3nico a info@proyeccionesalairelibre.com<\/center><\/p>\n\n\t\t<\/div>\n\t<\/div>\n<\/div><\/div><\/div><\/div><div class=\"vc_row wpb_row vc_row-fluid\"><div class=\"wpb_column vc_column_container vc_col-sm-8\"><div class=\"vc_column-inner\"><div class=\"wpb_wrapper\">\n\t<div class=\"wpb_text_column wpb_content_element\" >\n\t\t<div class=\"wpb_wrapper\">\n\t\t\t<p><b>Direcci\u00f3n:<\/b>\u00a0Av. Buenos Aires, 103, 36500 Lal\u00edn (Pontevedra)<br \/>\n<b>Telefono:<\/b> 886 154 442<br \/>\n<b>FAX:<\/b> 986 181 492<br \/>\n<b>Correo electr\u00f3nico:<\/b>\u00a0info@proyeccionesalairelibre.com <\/p>\n\n\t\t<\/div>\n\t<\/div>\n<\/div><\/div><\/div><div class=\"wpb_column vc_column_container vc_col-sm-4\"><div class=\"vc_column-inner\"><div class=\"wpb_wrapper\">\n\t<div class=\"wpb_text_column wpb_content_element\" >\n\t\t<div class=\"wpb_wrapper\">\n\t\t\t<p><strong>Horario de Verano:<\/strong>\u00a09:00-17:00<\/p>\n<p><strong>Horario de Invierno:\u00a0<\/strong>9:00-14:00\/15:30-18:30<\/p>\n\n\t\t<\/div>\n\t<\/div>\n<\/div><\/div><\/div><\/div>\n<\/div>","protected":false},"excerpt":{"rendered":"Contacto Formulario de Contacto: \u00a0 Nombre (requerido) Correo electr\u00f3nico (requerido) Asunto Mensaje Mapa: &nbsp; Supernova: proyeccionesalairelibreDe conformidad con el Reglamento (UE) 2016\/679 (RGPD) y la Ley<span class=\"excerpt-hellip\"> [\u2026]<\/span>","protected":false},"author":1,"featured_media":-1,"parent":0,"menu_order":0,"comment_status":"closed","ping_status":"closed","template":"","meta":{"footnotes":""},"class_list":["post-10","page","type-page","status-publish","has-post-thumbnail","hentry"],"yoast_head":"<!-- This site is optimized with the Yoast SEO plugin v27.3 - https:\/\/yoast.com\/product\/yoast-seo-wordpress\/ -->\n<title>Contacto - Proyecciones al Aire Libre<\/title>\n<meta name=\"description\" content=\"Quiere contactar con nosotros? Es muy sencillo rellene nuestro Formulario de Contacto y nuestro equipo se pondr\u00e1 manos a la obra. Tambi\u00e9n disponemos de mapa\" \/>\n<meta name=\"robots\" content=\"index, follow, max-snippet:-1, max-image-preview:large, max-video-preview:-1\" \/>\n<link rel=\"canonical\" href=\"https:\/\/proyeccionesalairelibre.com\/gl_es\/contacto\/\" \/>\n<meta property=\"og:locale\" content=\"en_US\" \/>\n<meta property=\"og:type\" content=\"article\" \/>\n<meta property=\"og:title\" content=\"Contacto - Proyecciones al Aire Libre\" \/>\n<meta property=\"og:description\" content=\"Quiere contactar con nosotros? Es muy sencillo rellene nuestro Formulario de Contacto y nuestro equipo se pondr\u00e1 manos a la obra. Tambi\u00e9n disponemos de mapa\" \/>\n<meta property=\"og:url\" content=\"https:\/\/proyeccionesalairelibre.com\/gl_es\/contacto\/\" \/>\n<meta property=\"og:site_name\" content=\"Proyecciones al Aire Libre\" \/>\n<meta property=\"article:publisher\" content=\"https:\/\/www.facebook.com\/proyeccionesalairelibre\" \/>\n<meta property=\"article:modified_time\" content=\"2026-03-10T12:38:49+00:00\" \/>\n<meta name=\"twitter:card\" content=\"summary_large_image\" \/>\n<meta name=\"twitter:site\" content=\"@cineyproyeccion\" \/>\n<meta name=\"twitter:label1\" content=\"Est. reading time\" \/>\n\t<meta name=\"twitter:data1\" content=\"1 minute\" \/>\n<script type=\"application\/ld+json\" class=\"yoast-schema-graph\">{\"@context\":\"https:\\\/\\\/schema.org\",\"@graph\":[{\"@type\":\"WebPage\",\"@id\":\"https:\\\/\\\/proyeccionesalairelibre.com\\\/contacto\\\/\",\"url\":\"https:\\\/\\\/proyeccionesalairelibre.com\\\/contacto\\\/\",\"name\":\"Contacto - Proyecciones al Aire Libre\",\"isPartOf\":{\"@id\":\"https:\\\/\\\/proyeccionesalairelibre.com\\\/#website\"},\"datePublished\":\"2016-10-28T08:19:42+00:00\",\"dateModified\":\"2026-03-10T12:38:49+00:00\",\"description\":\"Quiere contactar con nosotros? Es muy sencillo rellene nuestro Formulario de Contacto y nuestro equipo se pondr\u00e1 manos a la obra. Tambi\u00e9n disponemos de mapa\",\"breadcrumb\":{\"@id\":\"https:\\\/\\\/proyeccionesalairelibre.com\\\/contacto\\\/#breadcrumb\"},\"inLanguage\":\"gl-es\",\"potentialAction\":[{\"@type\":\"ReadAction\",\"target\":[\"https:\\\/\\\/proyeccionesalairelibre.com\\\/contacto\\\/\"]}]},{\"@type\":\"BreadcrumbList\",\"@id\":\"https:\\\/\\\/proyeccionesalairelibre.com\\\/contacto\\\/#breadcrumb\",\"itemListElement\":[{\"@type\":\"ListItem\",\"position\":1,\"name\":\"Portada\",\"item\":\"https:\\\/\\\/proyeccionesalairelibre.com\\\/\"},{\"@type\":\"ListItem\",\"position\":2,\"name\":\"Contacto\"}]},{\"@type\":\"WebSite\",\"@id\":\"https:\\\/\\\/proyeccionesalairelibre.com\\\/#website\",\"url\":\"https:\\\/\\\/proyeccionesalairelibre.com\\\/\",\"name\":\"Proyecciones al Aire Libre\",\"description\":\"Ocio y espect\u00e1culos al aire libre\",\"publisher\":{\"@id\":\"https:\\\/\\\/proyeccionesalairelibre.com\\\/#organization\"},\"potentialAction\":[{\"@type\":\"SearchAction\",\"target\":{\"@type\":\"EntryPoint\",\"urlTemplate\":\"https:\\\/\\\/proyeccionesalairelibre.com\\\/?s={search_term_string}\"},\"query-input\":{\"@type\":\"PropertyValueSpecification\",\"valueRequired\":true,\"valueName\":\"search_term_string\"}}],\"inLanguage\":\"gl-es\"},{\"@type\":\"Organization\",\"@id\":\"https:\\\/\\\/proyeccionesalairelibre.com\\\/#organization\",\"name\":\"Supernova\",\"url\":\"https:\\\/\\\/proyeccionesalairelibre.com\\\/\",\"logo\":{\"@type\":\"ImageObject\",\"inLanguage\":\"gl-es\",\"@id\":\"https:\\\/\\\/proyeccionesalairelibre.com\\\/#\\\/schema\\\/logo\\\/image\\\/\",\"url\":\"https:\\\/\\\/proyeccionesalairelibre.com\\\/wp-content\\\/uploads\\\/2016\\\/10\\\/logo_supernova_espiral_rojo_Maiandra_v_.png\",\"contentUrl\":\"https:\\\/\\\/proyeccionesalairelibre.com\\\/wp-content\\\/uploads\\\/2016\\\/10\\\/logo_supernova_espiral_rojo_Maiandra_v_.png\",\"width\":3502,\"height\":2482,\"caption\":\"Supernova\"},\"image\":{\"@id\":\"https:\\\/\\\/proyeccionesalairelibre.com\\\/#\\\/schema\\\/logo\\\/image\\\/\"},\"sameAs\":[\"https:\\\/\\\/www.facebook.com\\\/proyeccionesalairelibre\",\"https:\\\/\\\/x.com\\\/cineyproyeccion\"]}]}<\/script>\n<!-- \/ Yoast SEO plugin. -->","yoast_head_json":{"title":"Contacto - Proyecciones al Aire Libre","description":"Quiere contactar con nosotros? Es muy sencillo rellene nuestro Formulario de Contacto y nuestro equipo se pondr\u00e1 manos a la obra. Tambi\u00e9n disponemos de mapa","robots":{"index":"index","follow":"follow","max-snippet":"max-snippet:-1","max-image-preview":"max-image-preview:large","max-video-preview":"max-video-preview:-1"},"canonical":"https:\/\/proyeccionesalairelibre.com\/gl_es\/contacto\/","og_locale":"en_US","og_type":"article","og_title":"Contacto - Proyecciones al Aire Libre","og_description":"Quiere contactar con nosotros? Es muy sencillo rellene nuestro Formulario de Contacto y nuestro equipo se pondr\u00e1 manos a la obra. Tambi\u00e9n disponemos de mapa","og_url":"https:\/\/proyeccionesalairelibre.com\/gl_es\/contacto\/","og_site_name":"Proyecciones al Aire Libre","article_publisher":"https:\/\/www.facebook.com\/proyeccionesalairelibre","article_modified_time":"2026-03-10T12:38:49+00:00","twitter_card":"summary_large_image","twitter_site":"@cineyproyeccion","twitter_misc":{"Est. reading time":"1 minute"},"schema":{"@context":"https:\/\/schema.org","@graph":[{"@type":"WebPage","@id":"https:\/\/proyeccionesalairelibre.com\/contacto\/","url":"https:\/\/proyeccionesalairelibre.com\/contacto\/","name":"Contacto - Proyecciones al Aire Libre","isPartOf":{"@id":"https:\/\/proyeccionesalairelibre.com\/#website"},"datePublished":"2016-10-28T08:19:42+00:00","dateModified":"2026-03-10T12:38:49+00:00","description":"Quiere contactar con nosotros? Es muy sencillo rellene nuestro Formulario de Contacto y nuestro equipo se pondr\u00e1 manos a la obra. Tambi\u00e9n disponemos de mapa","breadcrumb":{"@id":"https:\/\/proyeccionesalairelibre.com\/contacto\/#breadcrumb"},"inLanguage":"gl-es","potentialAction":[{"@type":"ReadAction","target":["https:\/\/proyeccionesalairelibre.com\/contacto\/"]}]},{"@type":"BreadcrumbList","@id":"https:\/\/proyeccionesalairelibre.com\/contacto\/#breadcrumb","itemListElement":[{"@type":"ListItem","position":1,"name":"Portada","item":"https:\/\/proyeccionesalairelibre.com\/"},{"@type":"ListItem","position":2,"name":"Contacto"}]},{"@type":"WebSite","@id":"https:\/\/proyeccionesalairelibre.com\/#website","url":"https:\/\/proyeccionesalairelibre.com\/","name":"Proyecciones al Aire Libre","description":"Ocio e espect\u00e1culos \u00f3 aire libre","publisher":{"@id":"https:\/\/proyeccionesalairelibre.com\/#organization"},"potentialAction":[{"@type":"SearchAction","target":{"@type":"EntryPoint","urlTemplate":"https:\/\/proyeccionesalairelibre.com\/?s={search_term_string}"},"query-input":{"@type":"PropertyValueSpecification","valueRequired":true,"valueName":"search_term_string"}}],"inLanguage":"gl-es"},{"@type":"Organization","@id":"https:\/\/proyeccionesalairelibre.com\/#organization","name":"Supernova","url":"https:\/\/proyeccionesalairelibre.com\/","logo":{"@type":"ImageObject","inLanguage":"gl-es","@id":"https:\/\/proyeccionesalairelibre.com\/#\/schema\/logo\/image\/","url":"https:\/\/proyeccionesalairelibre.com\/wp-content\/uploads\/2016\/10\/logo_supernova_espiral_rojo_Maiandra_v_.png","contentUrl":"https:\/\/proyeccionesalairelibre.com\/wp-content\/uploads\/2016\/10\/logo_supernova_espiral_rojo_Maiandra_v_.png","width":3502,"height":2482,"caption":"Supernova"},"image":{"@id":"https:\/\/proyeccionesalairelibre.com\/#\/schema\/logo\/image\/"},"sameAs":["https:\/\/www.facebook.com\/proyeccionesalairelibre","https:\/\/x.com\/cineyproyeccion"]}]}},"_links":{"self":[{"href":"https:\/\/proyeccionesalairelibre.com\/gl_es\/wp-json\/wp\/v2\/pages\/10","targetHints":{"allow":["GET"]}}],"collection":[{"href":"https:\/\/proyeccionesalairelibre.com\/gl_es\/wp-json\/wp\/v2\/pages"}],"about":[{"href":"https:\/\/proyeccionesalairelibre.com\/gl_es\/wp-json\/wp\/v2\/types\/page"}],"author":[{"embeddable":true,"href":"https:\/\/proyeccionesalairelibre.com\/gl_es\/wp-json\/wp\/v2\/users\/1"}],"replies":[{"embeddable":true,"href":"https:\/\/proyeccionesalairelibre.com\/gl_es\/wp-json\/wp\/v2\/comments?post=10"}],"version-history":[{"count":34,"href":"https:\/\/proyeccionesalairelibre.com\/gl_es\/wp-json\/wp\/v2\/pages\/10\/revisions"}],"predecessor-version":[{"id":1124,"href":"https:\/\/proyeccionesalairelibre.com\/gl_es\/wp-json\/wp\/v2\/pages\/10\/revisions\/1124"}],"wp:featuredmedia":[{"embeddable":true,"href":"https:\/\/proyeccionesalairelibre.com\/gl_es\/wp-json\/"}],"wp:attachment":[{"href":"https:\/\/proyeccionesalairelibre.com\/gl_es\/wp-json\/wp\/v2\/media?parent=10"}],"curies":[{"name":"wp","href":"https:\/\/api.w.org\/{rel}","templated":true}]}}