{"id":12,"date":"2016-10-28T09:20:46","date_gmt":"2016-10-28T08:20:46","guid":{"rendered":"http:\/\/proyeccionesalairelibre.com\/?page_id=12"},"modified":"2025-10-31T17:43:37","modified_gmt":"2025-10-31T16:43:37","slug":"conocenos","status":"publish","type":"page","link":"https:\/\/proyeccionesalairelibre.com\/gl_es\/conocenos\/","title":{"rendered":"Co\u00f1ecenos"},"content":{"rendered":"<div class=\"wpb-content-wrapper\"><div class=\"vc_row wpb_row vc_row-fluid\"><div class=\"wpb_column vc_column_container vc_col-sm-12\"><div class=\"vc_column-inner\"><div class=\"wpb_wrapper\">\n\t<div class=\"wpb_text_column wpb_content_element\" >\n\t\t<div class=\"wpb_wrapper\">\n\t\t\t<h1>Con\u00f3cenos<\/h1>\n\n\t\t<\/div>\n\t<\/div>\n<\/div><\/div><\/div><\/div><div class=\"vc_row wpb_row vc_row-fluid\"><div class=\"wpb_column vc_column_container vc_col-sm-12\"><div class=\"vc_column-inner\"><div class=\"wpb_wrapper\">\n\t<div class=\"wpb_text_column wpb_content_element\" >\n\t\t<div class=\"wpb_wrapper\">\n\t\t\t<h4 style=\"text-align: center;\">\u00bfQuenes somos?<\/h4>\n<p>Somos unha empresa dedicada a prestar servizos profesionais personalizados, cunha gran experiencia nas asistencias t\u00e9cnicas empresariais.<\/p>\n<p>As principais \u00e1reas de actuaci\u00f3n desde as que traballamos d\u00e1 resposta \u00e1s necesidades dos nosos clientes. O noso compromiso \u00e9 ser eficientes para garantir a s\u00faa satisfacci\u00f3n.<\/p>\n<p>En todas elas, a misi\u00f3n do noso equipo humano integrado por m\u00e1is dunha trintena de profesionais consiste en satisfacer as necesidades dos clientes a trav\u00e9s de soluci\u00f3ns personalizadas, adaptadas \u00e1 dimensi\u00f3n de cada organizaci\u00f3n e que lles achegan valor engadido.<\/p>\n\n\t\t<\/div>\n\t<\/div>\n<\/div><\/div><\/div><div class=\"wpb_column vc_column_container vc_col-sm-12\"><div class=\"vc_column-inner\"><div class=\"wpb_wrapper\">\n\t<div class=\"wpb_text_column wpb_content_element\" >\n\t\t<div class=\"wpb_wrapper\">\n\t\t\t<h4 style=\"text-align: center;\">Traxectoria<\/h4>\n<p>Supernova conta con gran traxectoria en proxecci\u00f3ns e difusi\u00f3n da cultura do cinema, en concreto, na Comunidade de\u00a0 Madrid realizamos durante dous anos consecutivos,\u00a0 un circu\u00edto de cinema de ver\u00e1n en m\u00e1is de 42 concellos con proxecci\u00f3ns diarias, e nalg\u00fans casos \u00a0cun aforo de m\u00e1is de 1000 persoas. Fuencarral, Valencia, Almer\u00eda, Ceuta, A\u00a0Coru\u00f1a co apoio da Deputaci\u00f3n son exemplos manifestos que acreditan e avalan neste sentido, a nosa experiencia no campo das proxecci\u00f3ns e do Cinema.<\/p>\n<p>En xeral, as\u00a0actividades que desenvolvemos nos nosos\u00a0Servizos Socioculturais son, \u00a0principalmente actividades enfocadas ao lecer e tempo libre e\u00a0 son diferentes dependendo da \u00e9poca do ano.<\/p>\n\n\t\t<\/div>\n\t<\/div>\n<\/div><\/div><\/div><div class=\"wpb_column vc_column_container vc_col-sm-12\"><div class=\"vc_column-inner\"><div class=\"wpb_wrapper\">\n\t<div class=\"wpb_text_column wpb_content_element\" >\n\t\t<div class=\"wpb_wrapper\">\n\t\t\t<h4 style=\"text-align: center;\">\u00bfQu\u00e9 aportamos?<\/h4>\n<p>En concreto ofrecemos \u201cUn ver\u00e1n de Cinema\u201d que se centra en difundir o cinema como instrumento para a promoci\u00f3n da diversidade, e que se pode enmarcar dentro dos diversos programas de acci\u00f3n cultural que ofertan os municipios.<\/p>\n<p>O cinema, \u00e9 unha poderosa ferramenta que pode servir de apoio e ofrecer grandes posibilidades para abordar unha educaci\u00f3n con valores e a formaci\u00f3n dunha mirada cr\u00edtica.<\/p>\n<p>A nosa filosof\u00eda de calidade e compromiso co Cliente posici\u00f3nanos como unha das compa\u00f1\u00edas referentes no sector.<\/p>\n\n\t\t<\/div>\n\t<\/div>\n<\/div><\/div><\/div><\/div><div class=\"vc_row wpb_row vc_row-fluid\"><div class=\"wpb_column vc_column_container vc_col-sm-12\"><div class=\"vc_column-inner\"><div class=\"wpb_wrapper\"><div class=\"photo_box  pb_left without-desc\"><h4 class=\"title\">Empresa<\/h4><div class=\"image_frame\"><div class=\"image_wrapper\"><div class=\"mask\"><\/div><img loading=\"lazy\" decoding=\"async\" class=\"scale-with-grid\" src=\"https:\/\/proyeccionesalairelibre.com\/wp-content\/uploads\/2016\/10\/logo_supernova_espiral_rojo_Maiandra_v_.png\" alt=\"supernova\" width=\"3502\" height=\"2482\"\/><\/div><\/div><\/div>\n<\/div><\/div><\/div><\/div>\n<\/div>","protected":false},"excerpt":{"rendered":"Con\u00f3cenos \u00bfQui\u00e9nes somos? Somos una empresa dedicada a prestar servicios profesionales personalizados, con una gran experiencia en las asistencias t\u00e9cnicas empresariales. Las principales \u00e1reas de actuaci\u00f3n<span class=\"excerpt-hellip\"> [\u2026]<\/span>","protected":false},"author":1,"featured_media":0,"parent":0,"menu_order":0,"comment_status":"closed","ping_status":"closed","template":"","meta":{"footnotes":""},"class_list":["post-12","page","type-page","status-publish","hentry"],"yoast_head":"<!-- This site is optimized with the Yoast SEO plugin v27.3 - https:\/\/yoast.com\/product\/yoast-seo-wordpress\/ -->\n<title>Conocenos - Proyecciones al Aire Libre<\/title>\n<meta name=\"description\" content=\"Nuestra empresa est\u00e1 dedicada a prestar servicios de proyeccion y cine al aire libre. Siempre damos respuesta a las necesidades de los clientes, conocenos.\" \/>\n<meta name=\"robots\" content=\"index, follow, max-snippet:-1, max-image-preview:large, max-video-preview:-1\" \/>\n<link rel=\"canonical\" href=\"https:\/\/proyeccionesalairelibre.com\/gl_es\/conocenos\/\" \/>\n<meta property=\"og:locale\" content=\"en_US\" \/>\n<meta property=\"og:type\" content=\"article\" \/>\n<meta property=\"og:title\" content=\"Conocenos - Proyecciones al Aire Libre\" \/>\n<meta property=\"og:description\" content=\"Nuestra empresa est\u00e1 dedicada a prestar servicios de proyeccion y cine al aire libre. Siempre damos respuesta a las necesidades de los clientes, conocenos.\" \/>\n<meta property=\"og:url\" content=\"https:\/\/proyeccionesalairelibre.com\/gl_es\/conocenos\/\" \/>\n<meta property=\"og:site_name\" content=\"Proyecciones al Aire Libre\" \/>\n<meta property=\"article:publisher\" content=\"https:\/\/www.facebook.com\/proyeccionesalairelibre\" \/>\n<meta property=\"article:modified_time\" content=\"2025-10-31T16:43:37+00:00\" \/>\n<meta name=\"twitter:card\" content=\"summary_large_image\" \/>\n<meta name=\"twitter:site\" content=\"@cineyproyeccion\" \/>\n<meta name=\"twitter:label1\" content=\"Est. reading time\" \/>\n\t<meta name=\"twitter:data1\" content=\"2 minutes\" \/>\n<script type=\"application\/ld+json\" class=\"yoast-schema-graph\">{\"@context\":\"https:\\\/\\\/schema.org\",\"@graph\":[{\"@type\":\"WebPage\",\"@id\":\"https:\\\/\\\/proyeccionesalairelibre.com\\\/conocenos\\\/\",\"url\":\"https:\\\/\\\/proyeccionesalairelibre.com\\\/conocenos\\\/\",\"name\":\"Conocenos - Proyecciones al Aire Libre\",\"isPartOf\":{\"@id\":\"https:\\\/\\\/proyeccionesalairelibre.com\\\/#website\"},\"datePublished\":\"2016-10-28T08:20:46+00:00\",\"dateModified\":\"2025-10-31T16:43:37+00:00\",\"description\":\"Nuestra empresa est\u00e1 dedicada a prestar servicios de proyeccion y cine al aire libre. Siempre damos respuesta a las necesidades de los clientes, conocenos.\",\"breadcrumb\":{\"@id\":\"https:\\\/\\\/proyeccionesalairelibre.com\\\/conocenos\\\/#breadcrumb\"},\"inLanguage\":\"gl-es\",\"potentialAction\":[{\"@type\":\"ReadAction\",\"target\":[\"https:\\\/\\\/proyeccionesalairelibre.com\\\/conocenos\\\/\"]}]},{\"@type\":\"BreadcrumbList\",\"@id\":\"https:\\\/\\\/proyeccionesalairelibre.com\\\/conocenos\\\/#breadcrumb\",\"itemListElement\":[{\"@type\":\"ListItem\",\"position\":1,\"name\":\"Portada\",\"item\":\"https:\\\/\\\/proyeccionesalairelibre.com\\\/\"},{\"@type\":\"ListItem\",\"position\":2,\"name\":\"Conocenos\"}]},{\"@type\":\"WebSite\",\"@id\":\"https:\\\/\\\/proyeccionesalairelibre.com\\\/#website\",\"url\":\"https:\\\/\\\/proyeccionesalairelibre.com\\\/\",\"name\":\"Proyecciones al Aire Libre\",\"description\":\"Ocio y espect\u00e1culos al aire libre\",\"publisher\":{\"@id\":\"https:\\\/\\\/proyeccionesalairelibre.com\\\/#organization\"},\"potentialAction\":[{\"@type\":\"SearchAction\",\"target\":{\"@type\":\"EntryPoint\",\"urlTemplate\":\"https:\\\/\\\/proyeccionesalairelibre.com\\\/?s={search_term_string}\"},\"query-input\":{\"@type\":\"PropertyValueSpecification\",\"valueRequired\":true,\"valueName\":\"search_term_string\"}}],\"inLanguage\":\"gl-es\"},{\"@type\":\"Organization\",\"@id\":\"https:\\\/\\\/proyeccionesalairelibre.com\\\/#organization\",\"name\":\"Supernova\",\"url\":\"https:\\\/\\\/proyeccionesalairelibre.com\\\/\",\"logo\":{\"@type\":\"ImageObject\",\"inLanguage\":\"gl-es\",\"@id\":\"https:\\\/\\\/proyeccionesalairelibre.com\\\/#\\\/schema\\\/logo\\\/image\\\/\",\"url\":\"https:\\\/\\\/proyeccionesalairelibre.com\\\/wp-content\\\/uploads\\\/2016\\\/10\\\/logo_supernova_espiral_rojo_Maiandra_v_.png\",\"contentUrl\":\"https:\\\/\\\/proyeccionesalairelibre.com\\\/wp-content\\\/uploads\\\/2016\\\/10\\\/logo_supernova_espiral_rojo_Maiandra_v_.png\",\"width\":3502,\"height\":2482,\"caption\":\"Supernova\"},\"image\":{\"@id\":\"https:\\\/\\\/proyeccionesalairelibre.com\\\/#\\\/schema\\\/logo\\\/image\\\/\"},\"sameAs\":[\"https:\\\/\\\/www.facebook.com\\\/proyeccionesalairelibre\",\"https:\\\/\\\/x.com\\\/cineyproyeccion\"]}]}<\/script>\n<!-- \/ Yoast SEO plugin. -->","yoast_head_json":{"title":"Conocenos - Proyecciones al Aire Libre","description":"Nuestra empresa est\u00e1 dedicada a prestar servicios de proyeccion y cine al aire libre. Siempre damos respuesta a las necesidades de los clientes, conocenos.","robots":{"index":"index","follow":"follow","max-snippet":"max-snippet:-1","max-image-preview":"max-image-preview:large","max-video-preview":"max-video-preview:-1"},"canonical":"https:\/\/proyeccionesalairelibre.com\/gl_es\/conocenos\/","og_locale":"en_US","og_type":"article","og_title":"Conocenos - Proyecciones al Aire Libre","og_description":"Nuestra empresa est\u00e1 dedicada a prestar servicios de proyeccion y cine al aire libre. Siempre damos respuesta a las necesidades de los clientes, conocenos.","og_url":"https:\/\/proyeccionesalairelibre.com\/gl_es\/conocenos\/","og_site_name":"Proyecciones al Aire Libre","article_publisher":"https:\/\/www.facebook.com\/proyeccionesalairelibre","article_modified_time":"2025-10-31T16:43:37+00:00","twitter_card":"summary_large_image","twitter_site":"@cineyproyeccion","twitter_misc":{"Est. reading time":"2 minutes"},"schema":{"@context":"https:\/\/schema.org","@graph":[{"@type":"WebPage","@id":"https:\/\/proyeccionesalairelibre.com\/conocenos\/","url":"https:\/\/proyeccionesalairelibre.com\/conocenos\/","name":"Conocenos - Proyecciones al Aire Libre","isPartOf":{"@id":"https:\/\/proyeccionesalairelibre.com\/#website"},"datePublished":"2016-10-28T08:20:46+00:00","dateModified":"2025-10-31T16:43:37+00:00","description":"Nuestra empresa est\u00e1 dedicada a prestar servicios de proyeccion y cine al aire libre. Siempre damos respuesta a las necesidades de los clientes, conocenos.","breadcrumb":{"@id":"https:\/\/proyeccionesalairelibre.com\/conocenos\/#breadcrumb"},"inLanguage":"gl-es","potentialAction":[{"@type":"ReadAction","target":["https:\/\/proyeccionesalairelibre.com\/conocenos\/"]}]},{"@type":"BreadcrumbList","@id":"https:\/\/proyeccionesalairelibre.com\/conocenos\/#breadcrumb","itemListElement":[{"@type":"ListItem","position":1,"name":"Portada","item":"https:\/\/proyeccionesalairelibre.com\/"},{"@type":"ListItem","position":2,"name":"Conocenos"}]},{"@type":"WebSite","@id":"https:\/\/proyeccionesalairelibre.com\/#website","url":"https:\/\/proyeccionesalairelibre.com\/","name":"Proyecciones al Aire Libre","description":"Ocio e espect\u00e1culos \u00f3 aire libre","publisher":{"@id":"https:\/\/proyeccionesalairelibre.com\/#organization"},"potentialAction":[{"@type":"SearchAction","target":{"@type":"EntryPoint","urlTemplate":"https:\/\/proyeccionesalairelibre.com\/?s={search_term_string}"},"query-input":{"@type":"PropertyValueSpecification","valueRequired":true,"valueName":"search_term_string"}}],"inLanguage":"gl-es"},{"@type":"Organization","@id":"https:\/\/proyeccionesalairelibre.com\/#organization","name":"Supernova","url":"https:\/\/proyeccionesalairelibre.com\/","logo":{"@type":"ImageObject","inLanguage":"gl-es","@id":"https:\/\/proyeccionesalairelibre.com\/#\/schema\/logo\/image\/","url":"https:\/\/proyeccionesalairelibre.com\/wp-content\/uploads\/2016\/10\/logo_supernova_espiral_rojo_Maiandra_v_.png","contentUrl":"https:\/\/proyeccionesalairelibre.com\/wp-content\/uploads\/2016\/10\/logo_supernova_espiral_rojo_Maiandra_v_.png","width":3502,"height":2482,"caption":"Supernova"},"image":{"@id":"https:\/\/proyeccionesalairelibre.com\/#\/schema\/logo\/image\/"},"sameAs":["https:\/\/www.facebook.com\/proyeccionesalairelibre","https:\/\/x.com\/cineyproyeccion"]}]}},"_links":{"self":[{"href":"https:\/\/proyeccionesalairelibre.com\/gl_es\/wp-json\/wp\/v2\/pages\/12","targetHints":{"allow":["GET"]}}],"collection":[{"href":"https:\/\/proyeccionesalairelibre.com\/gl_es\/wp-json\/wp\/v2\/pages"}],"about":[{"href":"https:\/\/proyeccionesalairelibre.com\/gl_es\/wp-json\/wp\/v2\/types\/page"}],"author":[{"embeddable":true,"href":"https:\/\/proyeccionesalairelibre.com\/gl_es\/wp-json\/wp\/v2\/users\/1"}],"replies":[{"embeddable":true,"href":"https:\/\/proyeccionesalairelibre.com\/gl_es\/wp-json\/wp\/v2\/comments?post=12"}],"version-history":[{"count":25,"href":"https:\/\/proyeccionesalairelibre.com\/gl_es\/wp-json\/wp\/v2\/pages\/12\/revisions"}],"predecessor-version":[{"id":946,"href":"https:\/\/proyeccionesalairelibre.com\/gl_es\/wp-json\/wp\/v2\/pages\/12\/revisions\/946"}],"wp:attachment":[{"href":"https:\/\/proyeccionesalairelibre.com\/gl_es\/wp-json\/wp\/v2\/media?parent=12"}],"curies":[{"name":"wp","href":"https:\/\/api.w.org\/{rel}","templated":true}]}}