{"id":14,"date":"2016-10-28T09:22:22","date_gmt":"2016-10-28T08:22:22","guid":{"rendered":"http:\/\/proyeccionesalairelibre.com\/?page_id=14"},"modified":"2025-10-31T17:43:52","modified_gmt":"2025-10-31T16:43:52","slug":"servicios","status":"publish","type":"page","link":"https:\/\/proyeccionesalairelibre.com\/gl_es\/servicios\/","title":{"rendered":"Servizos"},"content":{"rendered":"<div class=\"wpb-content-wrapper\"><div class=\"vc_row wpb_row vc_row-fluid\"><div class=\"wpb_column vc_column_container vc_col-sm-12\"><div class=\"vc_column-inner\"><div class=\"wpb_wrapper\">\n\t<div class=\"wpb_text_column wpb_content_element\" >\n\t\t<div class=\"wpb_wrapper\">\n\t\t\t<h1>Servizos<\/h1>\n\n\t\t<\/div>\n\t<\/div>\n<\/div><\/div><\/div><\/div><div class=\"vc_row wpb_row vc_row-fluid\"><div class=\"wpb_column vc_column_container vc_col-sm-12\"><div class=\"vc_column-inner\"><div class=\"wpb_wrapper\"><div class=\"photo_box  without-desc\"><div class=\"image_frame\"><div class=\"image_wrapper\"><div class=\"mask\"><\/div><img loading=\"lazy\" decoding=\"async\" class=\"scale-with-grid\" src=\"https:\/\/proyeccionesalairelibre.com\/wp-content\/uploads\/2016\/11\/servicios.png\" alt=\"servicios\" width=\"1920\" height=\"745\"\/><\/div><\/div><\/div>\n\n\t<div class=\"wpb_text_column wpb_content_element\" >\n\t\t<div class=\"wpb_wrapper\">\n\t\t\t<h4 style=\"text-align: center;\">Algo m\u00e1is que Cinema e Proxecci\u00f3ns<\/h4>\n<p>Cremos no Cinema con Valores.\u00a0O cinema xoga un papel fundamental \u00e1 hora de ensinar aos nenos e nenas a interpretar a realidade que se mostra a trav\u00e9s de proxecci\u00f3n. O cinema \u00e9 unha poderosa ferramenta que pode servir de apoio e ofrece grandes posibilidades para abordar unha educaci\u00f3n con valores e a formaci\u00f3n dunha mirada cr\u00edtica.<\/p>\n<p>No cinema tam\u00e9n se reflicten elementos da nosa\u00a0cultura e sociedade, \u00e9 un cinema utilizado como medio para a cr\u00edtica e denuncia de problem\u00e1ticas sociais. Tr\u00e1tase de obras cinematogr\u00e1ficas que se alimentan da realidade para incidir cr\u00edticamente nela, que ven o propio cinema como un medio e non como un fin.<\/p>\n\n\t\t<\/div>\n\t<\/div>\n\n\t<div class=\"wpb_text_column wpb_content_element\" >\n\t\t<div class=\"wpb_wrapper\">\n\t\t\t<h4 style=\"text-align: center;\">As Mellores Productoras<\/h4>\n<p>Colaboramos coas principais produtoras de cinema, coas que ofrecemos as mellores pel\u00edculas do momento:<\/p>\n<table style=\"height: 241px; border: none; background: transparent;\">\n<tbody>\n<tr>\n<td style=\"width: 176px; border: none; background: transparent;\"><img loading=\"lazy\" decoding=\"async\" class=\"size-full wp-image-155 aligncenter\" src=\"https:\/\/proyeccionesalairelibre.com\/wp-content\/uploads\/2017\/01\/UniversalPictures.png\" alt=\"Universal Pictures\" width=\"151\" height=\"151\" srcset=\"https:\/\/proyeccionesalairelibre.com\/wp-content\/uploads\/2017\/01\/UniversalPictures.png 151w, https:\/\/proyeccionesalairelibre.com\/wp-content\/uploads\/2017\/01\/UniversalPictures-150x150.png 150w, https:\/\/proyeccionesalairelibre.com\/wp-content\/uploads\/2017\/01\/UniversalPictures-146x146.png 146w, https:\/\/proyeccionesalairelibre.com\/wp-content\/uploads\/2017\/01\/UniversalPictures-50x50.png 50w, https:\/\/proyeccionesalairelibre.com\/wp-content\/uploads\/2017\/01\/UniversalPictures-75x75.png 75w, https:\/\/proyeccionesalairelibre.com\/wp-content\/uploads\/2017\/01\/UniversalPictures-85x85.png 85w, https:\/\/proyeccionesalairelibre.com\/wp-content\/uploads\/2017\/01\/UniversalPictures-80x80.png 80w\" sizes=\"auto, (max-width:767px) 151px, 151px\" \/><\/td>\n<td style=\"width: 177px; border: none; background: transparent;\"><img loading=\"lazy\" decoding=\"async\" class=\"size-full wp-image-153 aligncenter\" src=\"https:\/\/proyeccionesalairelibre.com\/wp-content\/uploads\/2017\/01\/ParamountPictures.jpg\" alt=\"\" width=\"151\" height=\"150\" srcset=\"https:\/\/proyeccionesalairelibre.com\/wp-content\/uploads\/2017\/01\/ParamountPictures.jpg 151w, https:\/\/proyeccionesalairelibre.com\/wp-content\/uploads\/2017\/01\/ParamountPictures-150x150.jpg 150w, https:\/\/proyeccionesalairelibre.com\/wp-content\/uploads\/2017\/01\/ParamountPictures-147x146.jpg 147w, https:\/\/proyeccionesalairelibre.com\/wp-content\/uploads\/2017\/01\/ParamountPictures-50x50.jpg 50w, https:\/\/proyeccionesalairelibre.com\/wp-content\/uploads\/2017\/01\/ParamountPictures-76x75.jpg 76w, https:\/\/proyeccionesalairelibre.com\/wp-content\/uploads\/2017\/01\/ParamountPictures-85x85.jpg 85w, https:\/\/proyeccionesalairelibre.com\/wp-content\/uploads\/2017\/01\/ParamountPictures-80x80.jpg 80w\" sizes=\"auto, (max-width:767px) 151px, 151px\" \/><\/td>\n<\/tr>\n<tr>\n<td style=\"width: 176px; border: none; background: transparent;\">Universal Pictures<\/td>\n<td style=\"width: 177px; border: none; background: transparent;\">Paramount Pictures<\/td>\n<\/tr>\n<tr>\n<td style=\"width: 176px; border: none; background: transparent;\">http:\/\/www.universalpictures.es\/<\/td>\n<td style=\"width: 177px; border: none; background: transparent;\">http:\/\/www.paramountpictures.es\/<\/td>\n<\/tr>\n<tr>\n<td style=\"width: 176px; border: none; background: transparent;\"><img loading=\"lazy\" decoding=\"async\" class=\"size-full wp-image-154 aligncenter\" src=\"https:\/\/proyeccionesalairelibre.com\/wp-content\/uploads\/2017\/01\/SonyPictures.jpg\" alt=\"\" width=\"151\" height=\"151\" srcset=\"https:\/\/proyeccionesalairelibre.com\/wp-content\/uploads\/2017\/01\/SonyPictures.jpg 151w, https:\/\/proyeccionesalairelibre.com\/wp-content\/uploads\/2017\/01\/SonyPictures-150x150.jpg 150w, https:\/\/proyeccionesalairelibre.com\/wp-content\/uploads\/2017\/01\/SonyPictures-146x146.jpg 146w, https:\/\/proyeccionesalairelibre.com\/wp-content\/uploads\/2017\/01\/SonyPictures-50x50.jpg 50w, https:\/\/proyeccionesalairelibre.com\/wp-content\/uploads\/2017\/01\/SonyPictures-75x75.jpg 75w, https:\/\/proyeccionesalairelibre.com\/wp-content\/uploads\/2017\/01\/SonyPictures-85x85.jpg 85w, https:\/\/proyeccionesalairelibre.com\/wp-content\/uploads\/2017\/01\/SonyPictures-80x80.jpg 80w\" sizes=\"auto, (max-width:767px) 151px, 151px\" \/><\/td>\n<td style=\"width: 177px; border: none; background: transparent;\"><img loading=\"lazy\" decoding=\"async\" class=\"size-full wp-image-151 aligncenter\" src=\"https:\/\/proyeccionesalairelibre.com\/wp-content\/uploads\/2017\/01\/20thCenturyFox.jpg\" alt=\"\" width=\"151\" height=\"151\" srcset=\"https:\/\/proyeccionesalairelibre.com\/wp-content\/uploads\/2017\/01\/20thCenturyFox.jpg 151w, https:\/\/proyeccionesalairelibre.com\/wp-content\/uploads\/2017\/01\/20thCenturyFox-150x150.jpg 150w, https:\/\/proyeccionesalairelibre.com\/wp-content\/uploads\/2017\/01\/20thCenturyFox-146x146.jpg 146w, https:\/\/proyeccionesalairelibre.com\/wp-content\/uploads\/2017\/01\/20thCenturyFox-50x50.jpg 50w, https:\/\/proyeccionesalairelibre.com\/wp-content\/uploads\/2017\/01\/20thCenturyFox-75x75.jpg 75w, https:\/\/proyeccionesalairelibre.com\/wp-content\/uploads\/2017\/01\/20thCenturyFox-85x85.jpg 85w, https:\/\/proyeccionesalairelibre.com\/wp-content\/uploads\/2017\/01\/20thCenturyFox-80x80.jpg 80w\" sizes=\"auto, (max-width:767px) 151px, 151px\" \/><\/td>\n<\/tr>\n<tr>\n<td style=\"width: 176px; border: none; background: transparent;\">Sony Pictures Entertainment<\/td>\n<td style=\"width: 177px; border: none; background: transparent;\">20th Century Fox<\/td>\n<\/tr>\n<tr>\n<td style=\"width: 176px; border: none; background: transparent;\">http:\/\/www.sonypicturesreleasing.es\/<\/td>\n<td style=\"width: 177px; border: none; background: transparent;\">http:\/\/www.fox.es\/<\/td>\n<\/tr>\n<tr>\n<td style=\"width: 176px; border: none; background: transparent;\"><img loading=\"lazy\" decoding=\"async\" class=\"size-full wp-image-157 aligncenter\" src=\"https:\/\/proyeccionesalairelibre.com\/wp-content\/uploads\/2017\/01\/WarnerBrosPictures.jpg\" alt=\"\" width=\"151\" height=\"151\" srcset=\"https:\/\/proyeccionesalairelibre.com\/wp-content\/uploads\/2017\/01\/WarnerBrosPictures.jpg 151w, https:\/\/proyeccionesalairelibre.com\/wp-content\/uploads\/2017\/01\/WarnerBrosPictures-150x150.jpg 150w, https:\/\/proyeccionesalairelibre.com\/wp-content\/uploads\/2017\/01\/WarnerBrosPictures-146x146.jpg 146w, https:\/\/proyeccionesalairelibre.com\/wp-content\/uploads\/2017\/01\/WarnerBrosPictures-50x50.jpg 50w, https:\/\/proyeccionesalairelibre.com\/wp-content\/uploads\/2017\/01\/WarnerBrosPictures-75x75.jpg 75w, https:\/\/proyeccionesalairelibre.com\/wp-content\/uploads\/2017\/01\/WarnerBrosPictures-85x85.jpg 85w, https:\/\/proyeccionesalairelibre.com\/wp-content\/uploads\/2017\/01\/WarnerBrosPictures-80x80.jpg 80w\" sizes=\"auto, (max-width:767px) 151px, 151px\" \/><\/td>\n<td style=\"width: 177px; border: none; background: transparent;\"><img loading=\"lazy\" decoding=\"async\" class=\"size-full wp-image-156 aligncenter\" src=\"https:\/\/proyeccionesalairelibre.com\/wp-content\/uploads\/2017\/01\/WaltDisneyPictures.jpg\" alt=\"\" width=\"150\" height=\"99\" srcset=\"https:\/\/proyeccionesalairelibre.com\/wp-content\/uploads\/2017\/01\/WaltDisneyPictures.jpg 150w, https:\/\/proyeccionesalairelibre.com\/wp-content\/uploads\/2017\/01\/WaltDisneyPictures-50x33.jpg 50w, https:\/\/proyeccionesalairelibre.com\/wp-content\/uploads\/2017\/01\/WaltDisneyPictures-114x75.jpg 114w\" sizes=\"auto, (max-width:767px) 150px, 150px\" \/><\/td>\n<\/tr>\n<tr>\n<td style=\"width: 176px; border: none; background: transparent;\">Warner Bros Pictures<\/td>\n<td style=\"width: 177px; border: none; background: transparent;\">Walt Disney Pictures<\/td>\n<\/tr>\n<tr>\n<td style=\"width: 176px; border: none; background: transparent;\">http:\/\/www.warnerbros.es\/cine<\/td>\n<td style=\"width: 177px; border: none; background: transparent;\">http:\/\/peliculas.disney.es\/<\/td>\n<\/tr>\n<tr>\n<td style=\"width: 176px; border: none; background: transparent;\"><img loading=\"lazy\" decoding=\"async\" class=\"size-full wp-image-152 aligncenter\" src=\"https:\/\/proyeccionesalairelibre.com\/wp-content\/uploads\/2017\/01\/EnterteinmentOne.png\" alt=\"\" width=\"151\" height=\"151\" srcset=\"https:\/\/proyeccionesalairelibre.com\/wp-content\/uploads\/2017\/01\/EnterteinmentOne.png 151w, https:\/\/proyeccionesalairelibre.com\/wp-content\/uploads\/2017\/01\/EnterteinmentOne-150x150.png 150w, https:\/\/proyeccionesalairelibre.com\/wp-content\/uploads\/2017\/01\/EnterteinmentOne-146x146.png 146w, https:\/\/proyeccionesalairelibre.com\/wp-content\/uploads\/2017\/01\/EnterteinmentOne-50x50.png 50w, https:\/\/proyeccionesalairelibre.com\/wp-content\/uploads\/2017\/01\/EnterteinmentOne-75x75.png 75w, https:\/\/proyeccionesalairelibre.com\/wp-content\/uploads\/2017\/01\/EnterteinmentOne-85x85.png 85w, https:\/\/proyeccionesalairelibre.com\/wp-content\/uploads\/2017\/01\/EnterteinmentOne-80x80.png 80w\" sizes=\"auto, (max-width:767px) 151px, 151px\" \/><\/td>\n<td style=\"width: 177px; border: none; background: transparent;\"><img loading=\"lazy\" decoding=\"async\" class=\"alignnone wp-image-158 aligncenter\" src=\"https:\/\/proyeccionesalairelibre.com\/wp-content\/uploads\/2016\/10\/acontracorrientefilms.jpg\" alt=\"\" width=\"172\" height=\"135\" srcset=\"https:\/\/proyeccionesalairelibre.com\/wp-content\/uploads\/2016\/10\/acontracorrientefilms.jpg 240w, https:\/\/proyeccionesalairelibre.com\/wp-content\/uploads\/2016\/10\/acontracorrientefilms-186x146.jpg 186w, https:\/\/proyeccionesalairelibre.com\/wp-content\/uploads\/2016\/10\/acontracorrientefilms-50x39.jpg 50w, https:\/\/proyeccionesalairelibre.com\/wp-content\/uploads\/2016\/10\/acontracorrientefilms-96x75.jpg 96w\" sizes=\"auto, (max-width:767px) 172px, 172px\" \/><\/td>\n<\/tr>\n<tr>\n<td style=\"width: 176px; border: none; background: transparent;\">Enterteinment One\u00a0films<\/td>\n<td style=\"width: 177px; border: none; background: transparent;\">A contracorriente films<\/td>\n<\/tr>\n<tr>\n<td style=\"width: 176px; border: none; background: transparent;\">http:\/\/es.eonefilms.com\/home<\/td>\n<td style=\"width: 177px; border: none; background: transparent;\">http:\/\/www.acontracorrientefilms.com\/<\/td>\n<\/tr>\n<\/tbody>\n<\/table>\n\n\t\t<\/div>\n\t<\/div>\n<div class=\"vc_separator wpb_content_element vc_separator_align_center vc_sep_width_100 vc_sep_pos_align_center vc_separator_no_text vc_sep_color_grey wpb_content_element  wpb_content_element\" ><span class=\"vc_sep_holder vc_sep_holder_l\"><span class=\"vc_sep_line\"><\/span><\/span><span class=\"vc_sep_holder vc_sep_holder_r\"><span class=\"vc_sep_line\"><\/span><\/span>\n<\/div><\/div><\/div><\/div><div class=\"wpb_column vc_column_container vc_col-sm-12\"><div class=\"vc_column-inner\"><div class=\"wpb_wrapper\">\n\t<div class=\"wpb_text_column wpb_content_element\" >\n\t\t<div class=\"wpb_wrapper\">\n\t\t\t<h4 style=\"text-align: center;\">Outros Servicios<\/h4>\n<p>Estes son outro tipo de\u00a0servizos que podemos ofrecerlle:<\/p>\n<ul>\n<li>Dinamizaci\u00f3n sociocultural<\/li>\n<li>Actividades de tempo libre<\/li>\n<li>Entretemento e cultura<\/li>\n<li>Ocio e espect\u00e1culos \u00f3 aire libre<\/li>\n<\/ul>\n\n\t\t<\/div>\n\t<\/div>\n\n\t<div class=\"wpb_text_column wpb_content_element\" >\n\t\t<div class=\"wpb_wrapper\">\n\t\t\t<p>Se desexas recibir m\u00e1is informaci\u00f3n, podes contactar connosco enchendo o formulario da secci\u00f3n \u00abcontacto\u00bb dispo\u00f1ible no men\u00fa.<\/p>\n\n\t\t<\/div>\n\t<\/div>\n<\/div><\/div><\/div><\/div>\n<\/div>","protected":false},"excerpt":{"rendered":"Servicios Algo m\u00e1s que Cine y Proyecciones Creemos en el Cine con Valores.\u00a0El cine juega un papel fundamental a la hora de ense\u00f1ar a los ni\u00f1os<span class=\"excerpt-hellip\"> [\u2026]<\/span>","protected":false},"author":1,"featured_media":0,"parent":0,"menu_order":0,"comment_status":"closed","ping_status":"closed","template":"","meta":{"footnotes":""},"class_list":["post-14","page","type-page","status-publish","hentry"],"yoast_head":"<!-- This site is optimized with the Yoast SEO plugin v27.3 - https:\/\/yoast.com\/product\/yoast-seo-wordpress\/ -->\n<title>Servicios - Proyecciones al Aire Libre<\/title>\n<meta name=\"description\" content=\"Nuestros Servicios se enfoncan en la Dinamizaci\u00f3n sociocultural, Actividades de tiempo libre, Entretenimiento y cultura, Ocio y espect\u00e1culos al aire libre\" \/>\n<meta name=\"robots\" content=\"index, follow, max-snippet:-1, max-image-preview:large, max-video-preview:-1\" \/>\n<link rel=\"canonical\" href=\"https:\/\/proyeccionesalairelibre.com\/gl_es\/servicios\/\" \/>\n<meta property=\"og:locale\" content=\"en_US\" \/>\n<meta property=\"og:type\" content=\"article\" \/>\n<meta property=\"og:title\" content=\"Servicios - Proyecciones al Aire Libre\" \/>\n<meta property=\"og:description\" content=\"Nuestros Servicios se enfoncan en la Dinamizaci\u00f3n sociocultural, Actividades de tiempo libre, Entretenimiento y cultura, Ocio y espect\u00e1culos al aire libre\" \/>\n<meta property=\"og:url\" content=\"https:\/\/proyeccionesalairelibre.com\/gl_es\/servicios\/\" \/>\n<meta property=\"og:site_name\" content=\"Proyecciones al Aire Libre\" \/>\n<meta property=\"article:publisher\" content=\"https:\/\/www.facebook.com\/proyeccionesalairelibre\" \/>\n<meta property=\"article:modified_time\" content=\"2025-10-31T16:43:52+00:00\" \/>\n<meta property=\"og:image\" content=\"https:\/\/proyeccionesalairelibre.com\/wp-content\/uploads\/2017\/01\/UniversalPictures.png\" \/>\n<meta name=\"twitter:card\" content=\"summary_large_image\" \/>\n<meta name=\"twitter:site\" content=\"@cineyproyeccion\" \/>\n<meta name=\"twitter:label1\" content=\"Est. reading time\" \/>\n\t<meta name=\"twitter:data1\" content=\"3 minutes\" \/>\n<script type=\"application\/ld+json\" class=\"yoast-schema-graph\">{\"@context\":\"https:\\\/\\\/schema.org\",\"@graph\":[{\"@type\":\"WebPage\",\"@id\":\"https:\\\/\\\/proyeccionesalairelibre.com\\\/servicios\\\/\",\"url\":\"https:\\\/\\\/proyeccionesalairelibre.com\\\/servicios\\\/\",\"name\":\"Servicios - Proyecciones al Aire Libre\",\"isPartOf\":{\"@id\":\"https:\\\/\\\/proyeccionesalairelibre.com\\\/#website\"},\"primaryImageOfPage\":{\"@id\":\"https:\\\/\\\/proyeccionesalairelibre.com\\\/servicios\\\/#primaryimage\"},\"image\":{\"@id\":\"https:\\\/\\\/proyeccionesalairelibre.com\\\/servicios\\\/#primaryimage\"},\"thumbnailUrl\":\"https:\\\/\\\/proyeccionesalairelibre.com\\\/wp-content\\\/uploads\\\/2017\\\/01\\\/UniversalPictures.png\",\"datePublished\":\"2016-10-28T08:22:22+00:00\",\"dateModified\":\"2025-10-31T16:43:52+00:00\",\"description\":\"Nuestros Servicios se enfoncan en la Dinamizaci\u00f3n sociocultural, Actividades de tiempo libre, Entretenimiento y cultura, Ocio y espect\u00e1culos al aire libre\",\"breadcrumb\":{\"@id\":\"https:\\\/\\\/proyeccionesalairelibre.com\\\/servicios\\\/#breadcrumb\"},\"inLanguage\":\"gl-es\",\"potentialAction\":[{\"@type\":\"ReadAction\",\"target\":[\"https:\\\/\\\/proyeccionesalairelibre.com\\\/servicios\\\/\"]}]},{\"@type\":\"ImageObject\",\"inLanguage\":\"gl-es\",\"@id\":\"https:\\\/\\\/proyeccionesalairelibre.com\\\/servicios\\\/#primaryimage\",\"url\":\"https:\\\/\\\/proyeccionesalairelibre.com\\\/wp-content\\\/uploads\\\/2017\\\/01\\\/UniversalPictures.png\",\"contentUrl\":\"https:\\\/\\\/proyeccionesalairelibre.com\\\/wp-content\\\/uploads\\\/2017\\\/01\\\/UniversalPictures.png\"},{\"@type\":\"BreadcrumbList\",\"@id\":\"https:\\\/\\\/proyeccionesalairelibre.com\\\/servicios\\\/#breadcrumb\",\"itemListElement\":[{\"@type\":\"ListItem\",\"position\":1,\"name\":\"Portada\",\"item\":\"https:\\\/\\\/proyeccionesalairelibre.com\\\/\"},{\"@type\":\"ListItem\",\"position\":2,\"name\":\"Servicios\"}]},{\"@type\":\"WebSite\",\"@id\":\"https:\\\/\\\/proyeccionesalairelibre.com\\\/#website\",\"url\":\"https:\\\/\\\/proyeccionesalairelibre.com\\\/\",\"name\":\"Proyecciones al Aire Libre\",\"description\":\"Ocio y espect\u00e1culos al aire libre\",\"publisher\":{\"@id\":\"https:\\\/\\\/proyeccionesalairelibre.com\\\/#organization\"},\"potentialAction\":[{\"@type\":\"SearchAction\",\"target\":{\"@type\":\"EntryPoint\",\"urlTemplate\":\"https:\\\/\\\/proyeccionesalairelibre.com\\\/?s={search_term_string}\"},\"query-input\":{\"@type\":\"PropertyValueSpecification\",\"valueRequired\":true,\"valueName\":\"search_term_string\"}}],\"inLanguage\":\"gl-es\"},{\"@type\":\"Organization\",\"@id\":\"https:\\\/\\\/proyeccionesalairelibre.com\\\/#organization\",\"name\":\"Supernova\",\"url\":\"https:\\\/\\\/proyeccionesalairelibre.com\\\/\",\"logo\":{\"@type\":\"ImageObject\",\"inLanguage\":\"gl-es\",\"@id\":\"https:\\\/\\\/proyeccionesalairelibre.com\\\/#\\\/schema\\\/logo\\\/image\\\/\",\"url\":\"https:\\\/\\\/proyeccionesalairelibre.com\\\/wp-content\\\/uploads\\\/2016\\\/10\\\/logo_supernova_espiral_rojo_Maiandra_v_.png\",\"contentUrl\":\"https:\\\/\\\/proyeccionesalairelibre.com\\\/wp-content\\\/uploads\\\/2016\\\/10\\\/logo_supernova_espiral_rojo_Maiandra_v_.png\",\"width\":3502,\"height\":2482,\"caption\":\"Supernova\"},\"image\":{\"@id\":\"https:\\\/\\\/proyeccionesalairelibre.com\\\/#\\\/schema\\\/logo\\\/image\\\/\"},\"sameAs\":[\"https:\\\/\\\/www.facebook.com\\\/proyeccionesalairelibre\",\"https:\\\/\\\/x.com\\\/cineyproyeccion\"]}]}<\/script>\n<!-- \/ Yoast SEO plugin. -->","yoast_head_json":{"title":"Servicios - Proyecciones al Aire Libre","description":"Nuestros Servicios se enfoncan en la Dinamizaci\u00f3n sociocultural, Actividades de tiempo libre, Entretenimiento y cultura, Ocio y espect\u00e1culos al aire libre","robots":{"index":"index","follow":"follow","max-snippet":"max-snippet:-1","max-image-preview":"max-image-preview:large","max-video-preview":"max-video-preview:-1"},"canonical":"https:\/\/proyeccionesalairelibre.com\/gl_es\/servicios\/","og_locale":"en_US","og_type":"article","og_title":"Servicios - Proyecciones al Aire Libre","og_description":"Nuestros Servicios se enfoncan en la Dinamizaci\u00f3n sociocultural, Actividades de tiempo libre, Entretenimiento y cultura, Ocio y espect\u00e1culos al aire libre","og_url":"https:\/\/proyeccionesalairelibre.com\/gl_es\/servicios\/","og_site_name":"Proyecciones al Aire Libre","article_publisher":"https:\/\/www.facebook.com\/proyeccionesalairelibre","article_modified_time":"2025-10-31T16:43:52+00:00","og_image":[{"url":"https:\/\/proyeccionesalairelibre.com\/wp-content\/uploads\/2017\/01\/UniversalPictures.png","type":"","width":"","height":""}],"twitter_card":"summary_large_image","twitter_site":"@cineyproyeccion","twitter_misc":{"Est. reading time":"3 minutes"},"schema":{"@context":"https:\/\/schema.org","@graph":[{"@type":"WebPage","@id":"https:\/\/proyeccionesalairelibre.com\/servicios\/","url":"https:\/\/proyeccionesalairelibre.com\/servicios\/","name":"Servicios - Proyecciones al Aire Libre","isPartOf":{"@id":"https:\/\/proyeccionesalairelibre.com\/#website"},"primaryImageOfPage":{"@id":"https:\/\/proyeccionesalairelibre.com\/servicios\/#primaryimage"},"image":{"@id":"https:\/\/proyeccionesalairelibre.com\/servicios\/#primaryimage"},"thumbnailUrl":"https:\/\/proyeccionesalairelibre.com\/wp-content\/uploads\/2017\/01\/UniversalPictures.png","datePublished":"2016-10-28T08:22:22+00:00","dateModified":"2025-10-31T16:43:52+00:00","description":"Nuestros Servicios se enfoncan en la Dinamizaci\u00f3n sociocultural, Actividades de tiempo libre, Entretenimiento y cultura, Ocio y espect\u00e1culos al aire libre","breadcrumb":{"@id":"https:\/\/proyeccionesalairelibre.com\/servicios\/#breadcrumb"},"inLanguage":"gl-es","potentialAction":[{"@type":"ReadAction","target":["https:\/\/proyeccionesalairelibre.com\/servicios\/"]}]},{"@type":"ImageObject","inLanguage":"gl-es","@id":"https:\/\/proyeccionesalairelibre.com\/servicios\/#primaryimage","url":"https:\/\/proyeccionesalairelibre.com\/wp-content\/uploads\/2017\/01\/UniversalPictures.png","contentUrl":"https:\/\/proyeccionesalairelibre.com\/wp-content\/uploads\/2017\/01\/UniversalPictures.png"},{"@type":"BreadcrumbList","@id":"https:\/\/proyeccionesalairelibre.com\/servicios\/#breadcrumb","itemListElement":[{"@type":"ListItem","position":1,"name":"Portada","item":"https:\/\/proyeccionesalairelibre.com\/"},{"@type":"ListItem","position":2,"name":"Servicios"}]},{"@type":"WebSite","@id":"https:\/\/proyeccionesalairelibre.com\/#website","url":"https:\/\/proyeccionesalairelibre.com\/","name":"Proyecciones al Aire Libre","description":"Ocio e espect\u00e1culos \u00f3 aire libre","publisher":{"@id":"https:\/\/proyeccionesalairelibre.com\/#organization"},"potentialAction":[{"@type":"SearchAction","target":{"@type":"EntryPoint","urlTemplate":"https:\/\/proyeccionesalairelibre.com\/?s={search_term_string}"},"query-input":{"@type":"PropertyValueSpecification","valueRequired":true,"valueName":"search_term_string"}}],"inLanguage":"gl-es"},{"@type":"Organization","@id":"https:\/\/proyeccionesalairelibre.com\/#organization","name":"Supernova","url":"https:\/\/proyeccionesalairelibre.com\/","logo":{"@type":"ImageObject","inLanguage":"gl-es","@id":"https:\/\/proyeccionesalairelibre.com\/#\/schema\/logo\/image\/","url":"https:\/\/proyeccionesalairelibre.com\/wp-content\/uploads\/2016\/10\/logo_supernova_espiral_rojo_Maiandra_v_.png","contentUrl":"https:\/\/proyeccionesalairelibre.com\/wp-content\/uploads\/2016\/10\/logo_supernova_espiral_rojo_Maiandra_v_.png","width":3502,"height":2482,"caption":"Supernova"},"image":{"@id":"https:\/\/proyeccionesalairelibre.com\/#\/schema\/logo\/image\/"},"sameAs":["https:\/\/www.facebook.com\/proyeccionesalairelibre","https:\/\/x.com\/cineyproyeccion"]}]}},"_links":{"self":[{"href":"https:\/\/proyeccionesalairelibre.com\/gl_es\/wp-json\/wp\/v2\/pages\/14","targetHints":{"allow":["GET"]}}],"collection":[{"href":"https:\/\/proyeccionesalairelibre.com\/gl_es\/wp-json\/wp\/v2\/pages"}],"about":[{"href":"https:\/\/proyeccionesalairelibre.com\/gl_es\/wp-json\/wp\/v2\/types\/page"}],"author":[{"embeddable":true,"href":"https:\/\/proyeccionesalairelibre.com\/gl_es\/wp-json\/wp\/v2\/users\/1"}],"replies":[{"embeddable":true,"href":"https:\/\/proyeccionesalairelibre.com\/gl_es\/wp-json\/wp\/v2\/comments?post=14"}],"version-history":[{"count":61,"href":"https:\/\/proyeccionesalairelibre.com\/gl_es\/wp-json\/wp\/v2\/pages\/14\/revisions"}],"predecessor-version":[{"id":947,"href":"https:\/\/proyeccionesalairelibre.com\/gl_es\/wp-json\/wp\/v2\/pages\/14\/revisions\/947"}],"wp:attachment":[{"href":"https:\/\/proyeccionesalairelibre.com\/gl_es\/wp-json\/wp\/v2\/media?parent=14"}],"curies":[{"name":"wp","href":"https:\/\/api.w.org\/{rel}","templated":true}]}}