{"id":4,"date":"2016-10-27T11:27:47","date_gmt":"2016-10-27T10:27:47","guid":{"rendered":"http:\/\/proyeccionesalairelibre.com\/?page_id=4"},"modified":"2025-10-31T17:45:23","modified_gmt":"2025-10-31T16:45:23","slug":"inicio","status":"publish","type":"page","link":"https:\/\/proyeccionesalairelibre.com\/gl_es\/","title":{"rendered":"Inicio"},"content":{"rendered":"<div class=\"wpb-content-wrapper\"><div class=\"vc_row wpb_row vc_row-fluid\"><div class=\"wpb_column vc_column_container vc_col-sm-12\"><div class=\"vc_column-inner\"><div class=\"wpb_wrapper\"><div class=\"vc_separator wpb_content_element vc_separator_align_center vc_sep_width_100 vc_sep_pos_align_center vc_separator_no_text vc_sep_color_grey wpb_content_element  wpb_content_element\" ><span class=\"vc_sep_holder vc_sep_holder_l\"><span class=\"vc_sep_line\"><\/span><\/span><span class=\"vc_sep_holder vc_sep_holder_r\"><span class=\"vc_sep_line\"><\/span><\/span>\n<\/div><div class=\"vc_row wpb_row vc_inner vc_row-fluid\"><div class=\"wpb_column vc_column_container vc_col-sm-12\"><div class=\"vc_column-inner\"><div class=\"wpb_wrapper\">\n\t<div  class=\"wpb_single_image wpb_content_element vc_align_center wpb_content_element vc_custom_1551266020609\">\n\t\t<h2 class=\"wpb_heading wpb_singleimage_heading\">Programa Visions<\/h2>\n\t\t<figure class=\"wpb_wrapper vc_figure\">\n\t\t\t<a href=\"https:\/\/proyeccionesalairelibre.com\/gl_es\/programa-visions\/\" target=\"_self\" class=\"vc_single_image-wrapper vc_box_shadow_border  vc_box_border_grey\"><img loading=\"lazy\" decoding=\"async\" width=\"800\" height=\"621\" src=\"https:\/\/proyeccionesalairelibre.com\/wp-content\/uploads\/2019\/02\/programa-visi\u00f3ns.png\" class=\"vc_single_image-img attachment-full\" alt=\"programa visi\u00f3ns\" title=\"programa visi\u00f3ns\" srcset=\"https:\/\/proyeccionesalairelibre.com\/wp-content\/uploads\/2019\/02\/programa-visi\u00f3ns.png 800w, https:\/\/proyeccionesalairelibre.com\/wp-content\/uploads\/2019\/02\/programa-visi\u00f3ns-300x233.png 300w, https:\/\/proyeccionesalairelibre.com\/wp-content\/uploads\/2019\/02\/programa-visi\u00f3ns-768x596.png 768w, https:\/\/proyeccionesalairelibre.com\/wp-content\/uploads\/2019\/02\/programa-visi\u00f3ns-188x146.png 188w, https:\/\/proyeccionesalairelibre.com\/wp-content\/uploads\/2019\/02\/programa-visi\u00f3ns-50x39.png 50w, https:\/\/proyeccionesalairelibre.com\/wp-content\/uploads\/2019\/02\/programa-visi\u00f3ns-97x75.png 97w\" sizes=\"auto, (max-width:767px) 480px, (max-width:800px) 100vw, 800px\" \/><\/a>\n\t\t<\/figure>\n\t<\/div>\n<\/div><\/div><\/div><\/div><div class=\"vc_separator wpb_content_element vc_separator_align_center vc_sep_width_100 vc_sep_pos_align_center vc_separator_no_text vc_sep_color_grey wpb_content_element  wpb_content_element\" ><span class=\"vc_sep_holder vc_sep_holder_l\"><span class=\"vc_sep_line\"><\/span><\/span><span class=\"vc_sep_holder vc_sep_holder_r\"><span class=\"vc_sep_line\"><\/span><\/span>\n<\/div><\/div><\/div><\/div><\/div><div class=\"vc_row wpb_row vc_row-fluid\"><div class=\"wpb_column vc_column_container vc_col-sm-4\"><div class=\"vc_column-inner\"><div class=\"wpb_wrapper\">\n\t<div class=\"wpb_text_column wpb_content_element\" >\n\t\t<div class=\"wpb_wrapper\">\n\t\t\t<h4 style=\"text-align: center;\">\u00bfQu\u00e9 Ofertamos?<\/h4>\n<p><strong>SUPERNOVA<\/strong>, oferta espect\u00e1culos de <strong>CINE e PROXECCI\u00d3NS \u00d3 AIRE LIBRE<\/strong> para concellos, deputaci\u00f3ns e outros organismos\u00a0 oficiais. Propo\u00f1emos\u00a0catro ciclos de cinema:<\/p>\n<p><strong>Cine en femenino<\/strong>: As pel\u00edculas ofertadas neste ciclo foron seleccionadas desde unha mirada de x\u00e9nero, cinema que crea conciencia e mostra realidades.<\/p>\n<p><strong>Cine con valores<\/strong>: O cinema xoga un papel fundamental \u00e1 hora de ensinar aos nenos e nenas a interpretar a realidade que se mostra a trav\u00e9s da fantas\u00eda de cada pel\u00edcula.<\/p>\n<p><strong>S\u00e1bados de cine e xogo<\/strong>: Creamos un espazo onde compartir en familia intres de diversi\u00f3n e aprendizaxe, tanto para nenos e nenas como para maiores.<\/p>\n<p><strong>Cine social<\/strong>: Un cinema utilizado como medio para a cr\u00edtica e denuncia de problem\u00e1ticas sociais.<\/p>\n\n\t\t<\/div>\n\t<\/div>\n<\/div><\/div><\/div><div class=\"wpb_column vc_column_container vc_col-sm-4\"><div class=\"vc_column-inner\"><div class=\"wpb_wrapper\">\n\t<div class=\"wpb_text_column wpb_content_element\" >\n\t\t<div class=\"wpb_wrapper\">\n\t\t\t<h4 style=\"text-align: center;\">As nosas actividades<\/h4>\n<p>SUPERNOVA, propone una programaci\u00f3n cultural diferente, consistente en un circuito de Cine y Proyecciones al aire libre.<\/p>\n<p>O noso programa, \u201cUn ver\u00e1n de Cinema\u201d que se centra en difundir o cinema como instrumento para a promoci\u00f3n da diversidade, e que se pode enmarcar dentro dos diversos programas culturais que ofertan os municipios.<\/p>\n<p>Dir\u00edxese a todo tipo de p\u00fablico, sen condici\u00f3n de x\u00e9nero nin idade, especialmente destinado a habitantes de localidades sen salas de cinema, sobre todo, de zonas afastadas de centros urbanos ou considerados de dif\u00edcil acceso.<\/p>\n<p>A finalidade \u00e9 promover e implementar o desenvolvemento cultural e estimular o co\u00f1ecemento da historia e tradici\u00f3n do cinema e as correntes cinematogr\u00e1ficas, adapatandonos a todo tipo de medios, circunstancias ou necesidades.<\/p>\n\n\t\t<\/div>\n\t<\/div>\n<\/div><\/div><\/div><div class=\"wpb_column vc_column_container vc_col-sm-4\"><div class=\"vc_column-inner\"><div class=\"wpb_wrapper\">\n\t<div class=\"wpb_text_column wpb_content_element\" >\n\t\t<div class=\"wpb_wrapper\">\n\t\t\t<h4 style=\"text-align: center;\">Adminitraci\u00f3n e Xesti\u00f3n<\/h4>\n<p>Administramos e xestionamos a obtenci\u00f3n dos dereitos derivados de exhibici\u00f3n p\u00fablica en todos os formatos para concellos, colexios, asociaci\u00f3ns, centros culturais, prazas de touros,\u2026<\/p>\n<p>Para iso dispo\u00f1emos dunha ampla listaxe de pel\u00edculas\u00a0dobradas ao castel\u00e1n e na s\u00faa versi\u00f3n orixinal, no que se incl\u00faen os t\u00edtulos pertencentes \u00e1s compa\u00f1\u00edas multinacionais e independentes existentes no mercado espa\u00f1ol.<\/p>\n<p>Proxectamos en calquera lugar da Pen\u00ednsula Ib\u00e9rica e os equipos empregados son da \u00faltima xeraci\u00f3n e coa m\u00e1xima calidade dixital, en BluRay.<\/p>\n<p>Dispo\u00f1emos dun equipo humano que est\u00e1 especializado en promover unha actitude de participaci\u00f3n activa tanto no proceso da actividade social como na cultural.<\/p>\n\n\t\t<\/div>\n\t<\/div>\n<\/div><\/div><\/div><\/div><div class=\"vc_row wpb_row vc_row-fluid\"><div class=\"wpb_column vc_column_container vc_col-sm-12\"><div class=\"vc_column-inner\"><div class=\"wpb_wrapper\">\n<div class=\"vc_grid-container-wrapper vc_clearfix vc_grid-animation-fadeIn\">\n\t<div class=\"vc_grid-container vc_clearfix wpb_content_element vc_media_grid\" data-initial-loading-animation=\"fadeIn\" data-vc-grid-settings=\"{&quot;page_id&quot;:4,&quot;style&quot;:&quot;all&quot;,&quot;action&quot;:&quot;vc_get_vc_grid_data&quot;,&quot;shortcode_id&quot;:&quot;1761929102661-07a95bf1-b77b-9&quot;,&quot;tag&quot;:&quot;vc_media_grid&quot;}\" data-vc-request=\"https:\/\/proyeccionesalairelibre.com\/wp-admin\/admin-ajax.php\" data-vc-post-id=\"4\" data-vc-public-nonce=\"aef73983bf\">\n\t\t\n\t<\/div>\n<\/div><\/div><\/div><\/div><\/div><div class=\"vc_row wpb_row vc_row-fluid\"><div class=\"wpb_column vc_column_container vc_col-sm-12\"><div class=\"vc_column-inner\"><div class=\"wpb_wrapper\">\n\t<div class=\"wpb_text_column wpb_content_element\" >\n\t\t<div class=\"wpb_wrapper\">\n\t\t\t<p>OUTROS SERVIZOS DE SUPERNOVA:<\/p>\n<ul>\n<li>Ocio e espect\u00e1culos \u00f3 aire libre<\/li>\n<li>Actividades de tempo libre<\/li>\n<li>Entretemento e cultura<\/li>\n<\/ul>\n\n\t\t<\/div>\n\t<\/div>\n\n\t<div class=\"wpb_text_column wpb_content_element\" >\n\t\t<div class=\"wpb_wrapper\">\n\t\t\t<p>Dinos o que precisas, en SUPERNOVA adapt\u00e1monos \u00e1s t\u00faas necesidades e proxectos.<\/p>\n\n\t\t<\/div>\n\t<\/div>\n<\/div><\/div><\/div><\/div>\n<\/div>","protected":false},"excerpt":{"rendered":"Programa Visions \u00bfQu\u00e9 Ofrecemos? SUPERNOVA, oferta espect\u00e1culos de CINE y PROYECCIONES AL AIRE LIBRE para ayuntamientos, diputaciones y otros organismos\u00a0 oficiales. Proponemos\u00a0cuatro ciclos de cine: Cine<span class=\"excerpt-hellip\"> [\u2026]<\/span>","protected":false},"author":1,"featured_media":0,"parent":0,"menu_order":0,"comment_status":"closed","ping_status":"closed","template":"","meta":{"footnotes":""},"class_list":["post-4","page","type-page","status-publish","hentry"],"yoast_head":"<!-- This site is optimized with the Yoast SEO plugin v27.3 - https:\/\/yoast.com\/product\/yoast-seo-wordpress\/ -->\n<title>Inicio - Proyecciones al Aire Libre<\/title>\n<meta name=\"description\" content=\"En proyecciones al aire libre, ofertamos espect\u00e1culos de cine para ayuntamientos y otros organismos oficiales, comunidades de vecinos, empresas, fiestas...\" \/>\n<meta name=\"robots\" content=\"index, follow, max-snippet:-1, max-image-preview:large, max-video-preview:-1\" \/>\n<link rel=\"canonical\" href=\"https:\/\/proyeccionesalairelibre.com\/gl_es\/\" \/>\n<meta property=\"og:locale\" content=\"en_US\" \/>\n<meta property=\"og:type\" content=\"article\" \/>\n<meta property=\"og:title\" content=\"Inicio - Proyecciones al Aire Libre\" \/>\n<meta property=\"og:description\" content=\"En proyecciones al aire libre, ofertamos espect\u00e1culos de cine para ayuntamientos y otros organismos oficiales, comunidades de vecinos, empresas, fiestas...\" \/>\n<meta property=\"og:url\" content=\"https:\/\/proyeccionesalairelibre.com\/gl_es\/\" \/>\n<meta property=\"og:site_name\" content=\"Proyecciones al Aire Libre\" \/>\n<meta property=\"article:publisher\" content=\"https:\/\/www.facebook.com\/proyeccionesalairelibre\" \/>\n<meta property=\"article:modified_time\" content=\"2025-10-31T16:45:23+00:00\" \/>\n<meta name=\"twitter:card\" content=\"summary_large_image\" \/>\n<meta name=\"twitter:site\" content=\"@cineyproyeccion\" \/>\n<meta name=\"twitter:label1\" content=\"Est. reading time\" \/>\n\t<meta name=\"twitter:data1\" content=\"3 minutes\" \/>\n<script type=\"application\/ld+json\" class=\"yoast-schema-graph\">{\"@context\":\"https:\\\/\\\/schema.org\",\"@graph\":[{\"@type\":\"WebPage\",\"@id\":\"https:\\\/\\\/proyeccionesalairelibre.com\\\/\",\"url\":\"https:\\\/\\\/proyeccionesalairelibre.com\\\/\",\"name\":\"Inicio - Proyecciones al Aire Libre\",\"isPartOf\":{\"@id\":\"https:\\\/\\\/proyeccionesalairelibre.com\\\/#website\"},\"datePublished\":\"2016-10-27T10:27:47+00:00\",\"dateModified\":\"2025-10-31T16:45:23+00:00\",\"description\":\"En proyecciones al aire libre, ofertamos espect\u00e1culos de cine para ayuntamientos y otros organismos oficiales, comunidades de vecinos, empresas, fiestas...\",\"breadcrumb\":{\"@id\":\"https:\\\/\\\/proyeccionesalairelibre.com\\\/#breadcrumb\"},\"inLanguage\":\"gl-es\",\"potentialAction\":[{\"@type\":\"ReadAction\",\"target\":[\"https:\\\/\\\/proyeccionesalairelibre.com\\\/\"]}]},{\"@type\":\"BreadcrumbList\",\"@id\":\"https:\\\/\\\/proyeccionesalairelibre.com\\\/#breadcrumb\",\"itemListElement\":[{\"@type\":\"ListItem\",\"position\":1,\"name\":\"Portada\",\"item\":\"https:\\\/\\\/proyeccionesalairelibre.com\\\/\"},{\"@type\":\"ListItem\",\"position\":2,\"name\":\"Inicio\"}]},{\"@type\":\"WebSite\",\"@id\":\"https:\\\/\\\/proyeccionesalairelibre.com\\\/#website\",\"url\":\"https:\\\/\\\/proyeccionesalairelibre.com\\\/\",\"name\":\"Proyecciones al Aire Libre\",\"description\":\"Ocio y espect\u00e1culos al aire libre\",\"publisher\":{\"@id\":\"https:\\\/\\\/proyeccionesalairelibre.com\\\/#organization\"},\"potentialAction\":[{\"@type\":\"SearchAction\",\"target\":{\"@type\":\"EntryPoint\",\"urlTemplate\":\"https:\\\/\\\/proyeccionesalairelibre.com\\\/?s={search_term_string}\"},\"query-input\":{\"@type\":\"PropertyValueSpecification\",\"valueRequired\":true,\"valueName\":\"search_term_string\"}}],\"inLanguage\":\"gl-es\"},{\"@type\":\"Organization\",\"@id\":\"https:\\\/\\\/proyeccionesalairelibre.com\\\/#organization\",\"name\":\"Supernova\",\"url\":\"https:\\\/\\\/proyeccionesalairelibre.com\\\/\",\"logo\":{\"@type\":\"ImageObject\",\"inLanguage\":\"gl-es\",\"@id\":\"https:\\\/\\\/proyeccionesalairelibre.com\\\/#\\\/schema\\\/logo\\\/image\\\/\",\"url\":\"https:\\\/\\\/proyeccionesalairelibre.com\\\/wp-content\\\/uploads\\\/2016\\\/10\\\/logo_supernova_espiral_rojo_Maiandra_v_.png\",\"contentUrl\":\"https:\\\/\\\/proyeccionesalairelibre.com\\\/wp-content\\\/uploads\\\/2016\\\/10\\\/logo_supernova_espiral_rojo_Maiandra_v_.png\",\"width\":3502,\"height\":2482,\"caption\":\"Supernova\"},\"image\":{\"@id\":\"https:\\\/\\\/proyeccionesalairelibre.com\\\/#\\\/schema\\\/logo\\\/image\\\/\"},\"sameAs\":[\"https:\\\/\\\/www.facebook.com\\\/proyeccionesalairelibre\",\"https:\\\/\\\/x.com\\\/cineyproyeccion\"]}]}<\/script>\n<!-- \/ Yoast SEO plugin. -->","yoast_head_json":{"title":"Inicio - Proyecciones al Aire Libre","description":"En proyecciones al aire libre, ofertamos espect\u00e1culos de cine para ayuntamientos y otros organismos oficiales, comunidades de vecinos, empresas, fiestas...","robots":{"index":"index","follow":"follow","max-snippet":"max-snippet:-1","max-image-preview":"max-image-preview:large","max-video-preview":"max-video-preview:-1"},"canonical":"https:\/\/proyeccionesalairelibre.com\/gl_es\/","og_locale":"en_US","og_type":"article","og_title":"Inicio - Proyecciones al Aire Libre","og_description":"En proyecciones al aire libre, ofertamos espect\u00e1culos de cine para ayuntamientos y otros organismos oficiales, comunidades de vecinos, empresas, fiestas...","og_url":"https:\/\/proyeccionesalairelibre.com\/gl_es\/","og_site_name":"Proyecciones al Aire Libre","article_publisher":"https:\/\/www.facebook.com\/proyeccionesalairelibre","article_modified_time":"2025-10-31T16:45:23+00:00","twitter_card":"summary_large_image","twitter_site":"@cineyproyeccion","twitter_misc":{"Est. reading time":"3 minutes"},"schema":{"@context":"https:\/\/schema.org","@graph":[{"@type":"WebPage","@id":"https:\/\/proyeccionesalairelibre.com\/","url":"https:\/\/proyeccionesalairelibre.com\/","name":"Inicio - Proyecciones al Aire Libre","isPartOf":{"@id":"https:\/\/proyeccionesalairelibre.com\/#website"},"datePublished":"2016-10-27T10:27:47+00:00","dateModified":"2025-10-31T16:45:23+00:00","description":"En proyecciones al aire libre, ofertamos espect\u00e1culos de cine para ayuntamientos y otros organismos oficiales, comunidades de vecinos, empresas, fiestas...","breadcrumb":{"@id":"https:\/\/proyeccionesalairelibre.com\/#breadcrumb"},"inLanguage":"gl-es","potentialAction":[{"@type":"ReadAction","target":["https:\/\/proyeccionesalairelibre.com\/"]}]},{"@type":"BreadcrumbList","@id":"https:\/\/proyeccionesalairelibre.com\/#breadcrumb","itemListElement":[{"@type":"ListItem","position":1,"name":"Portada","item":"https:\/\/proyeccionesalairelibre.com\/"},{"@type":"ListItem","position":2,"name":"Inicio"}]},{"@type":"WebSite","@id":"https:\/\/proyeccionesalairelibre.com\/#website","url":"https:\/\/proyeccionesalairelibre.com\/","name":"Proyecciones al Aire Libre","description":"Ocio e espect\u00e1culos \u00f3 aire libre","publisher":{"@id":"https:\/\/proyeccionesalairelibre.com\/#organization"},"potentialAction":[{"@type":"SearchAction","target":{"@type":"EntryPoint","urlTemplate":"https:\/\/proyeccionesalairelibre.com\/?s={search_term_string}"},"query-input":{"@type":"PropertyValueSpecification","valueRequired":true,"valueName":"search_term_string"}}],"inLanguage":"gl-es"},{"@type":"Organization","@id":"https:\/\/proyeccionesalairelibre.com\/#organization","name":"Supernova","url":"https:\/\/proyeccionesalairelibre.com\/","logo":{"@type":"ImageObject","inLanguage":"gl-es","@id":"https:\/\/proyeccionesalairelibre.com\/#\/schema\/logo\/image\/","url":"https:\/\/proyeccionesalairelibre.com\/wp-content\/uploads\/2016\/10\/logo_supernova_espiral_rojo_Maiandra_v_.png","contentUrl":"https:\/\/proyeccionesalairelibre.com\/wp-content\/uploads\/2016\/10\/logo_supernova_espiral_rojo_Maiandra_v_.png","width":3502,"height":2482,"caption":"Supernova"},"image":{"@id":"https:\/\/proyeccionesalairelibre.com\/#\/schema\/logo\/image\/"},"sameAs":["https:\/\/www.facebook.com\/proyeccionesalairelibre","https:\/\/x.com\/cineyproyeccion"]}]}},"_links":{"self":[{"href":"https:\/\/proyeccionesalairelibre.com\/gl_es\/wp-json\/wp\/v2\/pages\/4","targetHints":{"allow":["GET"]}}],"collection":[{"href":"https:\/\/proyeccionesalairelibre.com\/gl_es\/wp-json\/wp\/v2\/pages"}],"about":[{"href":"https:\/\/proyeccionesalairelibre.com\/gl_es\/wp-json\/wp\/v2\/types\/page"}],"author":[{"embeddable":true,"href":"https:\/\/proyeccionesalairelibre.com\/gl_es\/wp-json\/wp\/v2\/users\/1"}],"replies":[{"embeddable":true,"href":"https:\/\/proyeccionesalairelibre.com\/gl_es\/wp-json\/wp\/v2\/comments?post=4"}],"version-history":[{"count":56,"href":"https:\/\/proyeccionesalairelibre.com\/gl_es\/wp-json\/wp\/v2\/pages\/4\/revisions"}],"predecessor-version":[{"id":949,"href":"https:\/\/proyeccionesalairelibre.com\/gl_es\/wp-json\/wp\/v2\/pages\/4\/revisions\/949"}],"wp:attachment":[{"href":"https:\/\/proyeccionesalairelibre.com\/gl_es\/wp-json\/wp\/v2\/media?parent=4"}],"curies":[{"name":"wp","href":"https:\/\/api.w.org\/{rel}","templated":true}]}}