{"id":83,"date":"2016-11-03T11:44:19","date_gmt":"2016-11-03T10:44:19","guid":{"rendered":"http:\/\/proyeccionesalairelibre.com\/?page_id=83"},"modified":"2025-08-29T11:56:43","modified_gmt":"2025-08-29T10:56:43","slug":"aviso-legal","status":"publish","type":"page","link":"https:\/\/proyeccionesalairelibre.com\/gl_es\/aviso-legal\/","title":{"rendered":"Aviso legal"},"content":{"rendered":"<p><u>AVISO LEGAL<\/u><\/p>\n<p>Denominaci\u00f3n Social: PROYECCIONES AL AIRE LIBRE<\/p>\n<p>Nombre Comercial: PROYECCIONES AL AIRE LIBRE<\/p>\n<p>Domicilio Social: AVDA BUENOS AIRES 103-ENTRESUELO, 36500 LALIN, PONTEVEDRA<\/p>\n<p>NIF: B94011665<\/p>\n<p>Tel\u00e9fono: 886154442<\/p>\n<p>e-Mail: info@proyeccionesalairelibre.com<\/p>\n<p>Nombre de dominio: <a href=\"https:\/\/proyeccionesalairelibre.com\/gl_es\/\">www.proyeccionesalairelibre.com<\/a><\/p>\n<h1>OBJETO<\/h1>\n<p>El prestador, responsable del sitio web, pone a disposici\u00f3n de los usuarios el presente documento con el que pretende dar cumplimiento a las obligaciones dispuestas en la Ley 34\/2002, de Servicios de la Sociedad de la Informaci\u00f3n y del Comercio Electr\u00f3nico (LSSI-CE), as\u00ed como informar a todos los usuarios del sitio web respecto a cu\u00e1les son las condiciones de uso del sitio web.<\/p>\n<p>Toda persona que acceda a este sitio web asume el papel de usuario, comprometi\u00e9ndose a la observancia y cumplimiento riguroso de las disposiciones aqu\u00ed dispuestas, as\u00ed como a cualesquiera otra disposici\u00f3n legal que fuera de aplicaci\u00f3n.<\/p>\n<p>El prestador se reserva el derecho a modificar cualquier tipo de informaci\u00f3n que pudiera aparecer en el sitio web, sin que exista obligaci\u00f3n de preavisar o poner en conocimiento de los usuarios dichas obligaciones, entendi\u00e9ndose como suficiente con la publicaci\u00f3n en el sitio web del prestador.<\/p>\n<h1>Responsabilidad<\/h1>\n<p>El prestador se exime de cualquier tipo de responsabilidad derivada de la informaci\u00f3n publicada en su sitio web, siempre que esta informaci\u00f3n haya sido manipulada o introducida por un tercero ajeno al mismo.<\/p>\n<p>El sitio web del prestador puede utilizar cookies (peque\u00f1os archivos de informaci\u00f3n que el servidor env\u00eda al ordenador de quien accede a la p\u00e1gina) para llevar a cabo determinadas funciones que son consideradas imprescindibles para el correcto funcionamiento y visualizaci\u00f3n del sitio. Las cookies utilizadas en el sitio web tienen, en todo caso, car\u00e1cter temporal con la \u00fanica finalidad de hacer m\u00e1s eficaz su transmisi\u00f3n ulterior y desaparecen al terminar la sesi\u00f3n del usuario. En ning\u00fan caso se utilizar\u00e1n las cookies para recoger informaci\u00f3n de car\u00e1cter personal.<\/p>\n<p>Desde el sitio web del cliente es posible que se redirija a contenidos de terceros sitios web. Dado que el prestador no puede controlar siempre los contenidos introducidos por los terceros en sus sitios web, \u00e9ste no asume ning\u00fan tipo de responsabilidad respecto a dichos contenidos. En todo caso, el prestador manifiesta que proceder\u00e1 a la retirada inmediata de cualquier contenido que pudiera contravenir la legislaci\u00f3n nacional o internacional, la moral o el orden p\u00fablico, procediendo a la retirada inmediata de la redirecci\u00f3n a dicho sitio web, poniendo en conocimiento de las autoridades competentes el contenido en cuesti\u00f3n.<\/p>\n<p><strong>El prestador no se hace responsable de la informaci\u00f3n y contenidos almacenados, a t\u00edtulo enunciativo pero no limitativo, en foros, chat\u00b4s, generadores de blogs, comentarios, redes sociales o cualesquiera otro medio que permita a terceros publicar contenidos de forma independiente en la p\u00e1gina web del prestador. No obstante y en cumplimiento de lo dispuesto en el art. 11 y 16 de la LSSI-CE, el prestador se pone a disposici\u00f3n de todos los usuarios, autoridades y fuerzas de seguridad, y colaborando de forma activa en la retirada o en su caso bloqueo de todos aquellos contenidos que pudieran afectar o contravenir la legislaci\u00f3n nacional, o internacional, derechos de terceros o la moral y el orden p\u00fablico. En caso de que el usuario considere que existe en el sitio web alg\u00fan contenido que pudiera ser susceptible de esta clasificaci\u00f3n, se ruega lo notifique de forma inmediata al administrador del sitio web.<\/strong><\/p>\n<p>Este sitio web ha sido revisado y probado para que funcione correctamente. En principio, puede garantizarse el correcto funcionamiento los 365 d\u00edas del a\u00f1o, 24 horas al d\u00eda. No obstante, el prestador no descarta la posibilidad de que existan ciertos errores de programaci\u00f3n, o que acontezcan causas de fuerza mayor, cat\u00e1strofes naturales, huelgas, o circunstancias semejantes que hagan imposible el acceso a la p\u00e1gina web.<\/p>\n<h1>Protecci\u00f3n de datos personales<\/h1>\n<p>Proyeccionesalairelibre titular del portal <a href=\"https:\/\/proyeccionesalairelibre.com\/gl_es\/\">www.proyeccionesalairelibre.com<\/a>, informa a los usuarios del mismo, en adelante el \u201cportal\u201d, que proyeccionesalairelibre es responsable de los tratamientos que se realicen mediante este portal, salvo que otra cosa se informe en el tratamiento de que se trate.<\/p>\n<p>Proyeccionesalairelibre respeta la legislaci\u00f3n vigente en materia de protecci\u00f3n de datos personales, la privacidad de los usuarios y el secreto y seguridad de los datos personales, de conformidad con lo establecido en la legislaci\u00f3n aplicable en materia de protecci\u00f3n de datos, en concreto, el Reglamento 2016\/679 del Parlamento Europeo y del Consejo de 27 de abril de 2016, adoptando para ello las medidas t\u00e9cnicas y organizativas necesarias para evitar la p\u00e9rdida, mal uso, alteraci\u00f3n, acceso no autorizado y robo de los datos personales facilitados, habida cuenta del estado de la tecnolog\u00eda, la naturaleza de los datos y los riesgos a los que est\u00e1n expuestos.<\/p>\n<p>En concreto, se informa a los usuarios del portal que sus datos de car\u00e1cter personal s\u00f3lo podr\u00e1n obtenerse para su tratamiento cuando sean adecuados, pertinentes y no excesivos en relaci\u00f3n con el \u00e1mbito y las finalidades determinadas, expl\u00edcitas y leg\u00edtimas para las que se hayan obtenido.<\/p>\n<p>Cuando se recaben los datos personales a trav\u00e9s del portal, se informar\u00e1 previamente al usuario, de forma clara e inequ\u00edvoca, de los siguientes extremos:<\/p>\n<ul>\n<li>Existencia de un tratamiento de datos de car\u00e1cter personal.<\/li>\n<li>la identidad y los datos de contacto del responsable del tratamiento de datos personales obtenidos,<\/li>\n<li>los datos de contacto del Delegado de Protecci\u00f3n de Datos, si procede;<\/li>\n<li>los fines del tratamiento a que se destinan los datos personales y la base jur\u00eddica del tratamiento;<\/li>\n<li>los destinatarios o las categor\u00edas de destinatarios de los datos personales, en su caso.<\/li>\n<li>en su caso, la intenci\u00f3n del responsable de transferir datos personales a un tercer pa\u00eds;<\/li>\n<li>el plazo o los criterios de conservaci\u00f3n de la informaci\u00f3n;<\/li>\n<li>la existencia del derecho a solicitar al responsable del tratamiento el acceso a los datos personales relativos al interesado, y su rectificaci\u00f3n o supresi\u00f3n, o la limitaci\u00f3n de su tratamiento, el derecho a la portabilidad de los datos, o a oponerse al tratamiento. Asimismo, la manera de ejercitar los mencionados derechos.<\/li>\n<li>cuando el tratamiento est\u00e9 basado en el consentimiento del interesado, la existencia del derecho a retirar el consentimiento en cualquier momento, sin que ello afecte a la licitud del tratamiento basado en el consentimiento previo a su retirada; Si el tratamiento no est\u00e1 basado en el consentimiento, su derecho a ejercer la oposici\u00f3n al tratamiento.<\/li>\n<li>el derecho a presentar una reclamaci\u00f3n ante una autoridad de control;<\/li>\n<li>la existencia, si las hubiera, de decisiones automatizas, incluida la elaboraci\u00f3n de perfiles y el ejercicio de derechos asociados a dicho tratamiento.<\/li>\n<\/ul>\n<p>En particular, cuando se recaben datos de ni\u00f1os, el tratamiento \u00fanicamente se considerar\u00e1 l\u00edcito si el consentimiento lo dio o autoriz\u00f3 el titular de la patria potestad o tutela sobre el ni\u00f1o.<\/p>\n<p>El usuario ser\u00e1 el \u00fanico responsable a causa de la cumplimentaci\u00f3n de los formularios con datos falsos, inexactos, incompletos o no actualizados.<\/p>\n<p>Los datos proporcionados se conservar\u00e1n mientras se mantenga la relaci\u00f3n comercial o durante los a\u00f1os necesarios para cumplir con las obligaciones legales. Los datos que se le solicitan resultan necesarios, de manera que de no facilitarlos no ser\u00e1 posible la prestaci\u00f3n del servicio requerido. Los datos no se ceder\u00e1n a terceros salvo en los casos en que exista una obligaci\u00f3n legal. Usted tiene derecho a obtener confirmaci\u00f3n sobre si en Proyeccionesalairelibre estamos tratando sus datos personales por tanto tiene derecho a acceder a sus datos personales, rectificar los datos inexactos o solicitar su supresi\u00f3n cuando los datos ya no sean necesarios, a la limitaci\u00f3n de su tratamiento, o a oponerse al tratamiento, as\u00ed como al derecho de la portabilidad de los datos.<\/p>\n<p>Tiene derecho a presentar una reclamaci\u00f3n ante la Autoridad de Control (Agencia Espa\u00f1ola de Protecci\u00f3n de Datos <a href=\"http:\/\/www.aepd.es\">www.aepd.es<\/a>)<\/p>\n<h1>Propiedad Intelectual e industrial<\/h1>\n<p>El sitio web, incluyendo a t\u00edtulo enunciativo pero no limitativo su programaci\u00f3n, edici\u00f3n, compilaci\u00f3n y dem\u00e1s elementos necesarios para su funcionamiento, los dise\u00f1os, logotipos, texto y\/o gr\u00e1ficos son propiedad del prestador o en su caso dispone de licencia o autorizaci\u00f3n expresa por parte de los autores. Todos los contenidos del sitio web se encuentran debidamente protegidos por la normativa de propiedad intelectual e industrial, as\u00ed como inscritos en los registros p\u00fablicos correspondientes.<\/p>\n<p>Independientemente de la finalidad para la que fueran destinados, la reproducci\u00f3n total o parcial, uso, explotaci\u00f3n, distribuci\u00f3n y comercializaci\u00f3n, requiere en todo caso de la autorizaci\u00f3n escrita previa por parte del prestador. Cualquier uso no autorizado previamente por parte del prestador ser\u00e1 considerado un incumplimiento grave de los derechos de propiedad intelectual o industrial del autor.<\/p>\n<p>Los dise\u00f1os, logotipos, texto y\/o gr\u00e1ficos ajenos al prestador y que pudieran aparecer en el sitio web, pertenecen a sus respectivos propietarios, siendo ellos mismos responsables de cualquier posible controversia que pudiera suscitarse respecto a los mismos. En todo caso, el prestador cuenta con la autorizaci\u00f3n expresa y previa por parte de los mismos.<\/p>\n<p>El prestador reconoce a favor de sus titulares los correspondientes derechos de propiedad industrial e intelectual, no implicando su sola menci\u00f3n o aparici\u00f3n en el sitio web la existencia de derechos o responsabilidad alguna del prestador sobre los mismos, como tampoco respaldo, patrocinio o recomendaci\u00f3n por parte del mismo.<\/p>\n<p>Para realizar cualquier tipo de observaci\u00f3n respecto a posibles incumplimientos de los derechos de propiedad intelectual o industrial, as\u00ed como sobre cualquiera de los contenidos del sitio web, puede hacerlo a trav\u00e9s del siguiente correo electr\u00f3nico: info@proyeccionesalairelibre.com<\/p>\n<h1>Ley Aplicable y Jurisdicci\u00f3n<\/h1>\n<p>Para la resoluci\u00f3n de todas las controversias o cuestiones relacionadas con el presente sitio web o de las actividades en \u00e9l desarrolladas, ser\u00e1 de aplicaci\u00f3n la legislaci\u00f3n espa\u00f1ola, a la que se someten expresamente las partes, siendo competentes para la resoluci\u00f3n de todos los conflictos derivados o relacionados con su uso los Juzgados y Tribunales de Pontevedra.<\/p>","protected":false},"excerpt":{"rendered":"<p>AVISO LEGAL Denominaci\u00f3n Social: PROYECCIONES AL AIRE LIBRE Nombre Comercial: PROYECCIONES AL AIRE LIBRE Domicilio Social: AVDA BUENOS AIRES 103-ENTRESUELO, 36500 LALIN, PONTEVEDRA NIF: B94011665 Tel\u00e9fono:<span class=\"excerpt-hellip\"> [\u2026]<\/span><\/p>\n","protected":false},"author":1,"featured_media":0,"parent":0,"menu_order":0,"comment_status":"closed","ping_status":"closed","template":"","meta":{"footnotes":""},"class_list":["post-83","page","type-page","status-publish","hentry"],"yoast_head":"<!-- This site is optimized with the Yoast SEO plugin v27.3 - https:\/\/yoast.com\/product\/yoast-seo-wordpress\/ -->\n<title>Aviso legal - Proyecciones al Aire Libre<\/title>\n<meta name=\"description\" content=\"El presente aviso legal establece las condiciones de uso del sitio web. Las marcas y nombres comerciales, son propiedad de proyecciones al aire libre.\" \/>\n<meta name=\"robots\" content=\"index, follow, max-snippet:-1, max-image-preview:large, max-video-preview:-1\" \/>\n<link rel=\"canonical\" href=\"https:\/\/proyeccionesalairelibre.com\/gl_es\/aviso-legal\/\" \/>\n<meta property=\"og:locale\" content=\"en_US\" \/>\n<meta property=\"og:type\" content=\"article\" \/>\n<meta property=\"og:title\" content=\"Aviso legal - Proyecciones al Aire Libre\" \/>\n<meta property=\"og:description\" content=\"El presente aviso legal establece las condiciones de uso del sitio web. Las marcas y nombres comerciales, son propiedad de proyecciones al aire libre.\" \/>\n<meta property=\"og:url\" content=\"https:\/\/proyeccionesalairelibre.com\/gl_es\/aviso-legal\/\" \/>\n<meta property=\"og:site_name\" content=\"Proyecciones al Aire Libre\" \/>\n<meta property=\"article:publisher\" content=\"https:\/\/www.facebook.com\/proyeccionesalairelibre\" \/>\n<meta property=\"article:modified_time\" content=\"2025-08-29T10:56:43+00:00\" \/>\n<meta name=\"twitter:card\" content=\"summary_large_image\" \/>\n<meta name=\"twitter:site\" content=\"@cineyproyeccion\" \/>\n<meta name=\"twitter:label1\" content=\"Est. reading time\" \/>\n\t<meta name=\"twitter:data1\" content=\"9 minutes\" \/>\n<script type=\"application\/ld+json\" class=\"yoast-schema-graph\">{\"@context\":\"https:\\\/\\\/schema.org\",\"@graph\":[{\"@type\":\"WebPage\",\"@id\":\"https:\\\/\\\/proyeccionesalairelibre.com\\\/aviso-legal\\\/\",\"url\":\"https:\\\/\\\/proyeccionesalairelibre.com\\\/aviso-legal\\\/\",\"name\":\"Aviso legal - Proyecciones al Aire Libre\",\"isPartOf\":{\"@id\":\"https:\\\/\\\/proyeccionesalairelibre.com\\\/#website\"},\"datePublished\":\"2016-11-03T10:44:19+00:00\",\"dateModified\":\"2025-08-29T10:56:43+00:00\",\"description\":\"El presente aviso legal establece las condiciones de uso del sitio web. Las marcas y nombres comerciales, son propiedad de proyecciones al aire libre.\",\"breadcrumb\":{\"@id\":\"https:\\\/\\\/proyeccionesalairelibre.com\\\/aviso-legal\\\/#breadcrumb\"},\"inLanguage\":\"gl-es\",\"potentialAction\":[{\"@type\":\"ReadAction\",\"target\":[\"https:\\\/\\\/proyeccionesalairelibre.com\\\/aviso-legal\\\/\"]}]},{\"@type\":\"BreadcrumbList\",\"@id\":\"https:\\\/\\\/proyeccionesalairelibre.com\\\/aviso-legal\\\/#breadcrumb\",\"itemListElement\":[{\"@type\":\"ListItem\",\"position\":1,\"name\":\"Portada\",\"item\":\"https:\\\/\\\/proyeccionesalairelibre.com\\\/\"},{\"@type\":\"ListItem\",\"position\":2,\"name\":\"Aviso legal\"}]},{\"@type\":\"WebSite\",\"@id\":\"https:\\\/\\\/proyeccionesalairelibre.com\\\/#website\",\"url\":\"https:\\\/\\\/proyeccionesalairelibre.com\\\/\",\"name\":\"Proyecciones al Aire Libre\",\"description\":\"Ocio y espect\u00e1culos al aire libre\",\"publisher\":{\"@id\":\"https:\\\/\\\/proyeccionesalairelibre.com\\\/#organization\"},\"potentialAction\":[{\"@type\":\"SearchAction\",\"target\":{\"@type\":\"EntryPoint\",\"urlTemplate\":\"https:\\\/\\\/proyeccionesalairelibre.com\\\/?s={search_term_string}\"},\"query-input\":{\"@type\":\"PropertyValueSpecification\",\"valueRequired\":true,\"valueName\":\"search_term_string\"}}],\"inLanguage\":\"gl-es\"},{\"@type\":\"Organization\",\"@id\":\"https:\\\/\\\/proyeccionesalairelibre.com\\\/#organization\",\"name\":\"Supernova\",\"url\":\"https:\\\/\\\/proyeccionesalairelibre.com\\\/\",\"logo\":{\"@type\":\"ImageObject\",\"inLanguage\":\"gl-es\",\"@id\":\"https:\\\/\\\/proyeccionesalairelibre.com\\\/#\\\/schema\\\/logo\\\/image\\\/\",\"url\":\"https:\\\/\\\/proyeccionesalairelibre.com\\\/wp-content\\\/uploads\\\/2016\\\/10\\\/logo_supernova_espiral_rojo_Maiandra_v_.png\",\"contentUrl\":\"https:\\\/\\\/proyeccionesalairelibre.com\\\/wp-content\\\/uploads\\\/2016\\\/10\\\/logo_supernova_espiral_rojo_Maiandra_v_.png\",\"width\":3502,\"height\":2482,\"caption\":\"Supernova\"},\"image\":{\"@id\":\"https:\\\/\\\/proyeccionesalairelibre.com\\\/#\\\/schema\\\/logo\\\/image\\\/\"},\"sameAs\":[\"https:\\\/\\\/www.facebook.com\\\/proyeccionesalairelibre\",\"https:\\\/\\\/x.com\\\/cineyproyeccion\"]}]}<\/script>\n<!-- \/ Yoast SEO plugin. -->","yoast_head_json":{"title":"Aviso legal - Proyecciones al Aire Libre","description":"El presente aviso legal establece las condiciones de uso del sitio web. Las marcas y nombres comerciales, son propiedad de proyecciones al aire libre.","robots":{"index":"index","follow":"follow","max-snippet":"max-snippet:-1","max-image-preview":"max-image-preview:large","max-video-preview":"max-video-preview:-1"},"canonical":"https:\/\/proyeccionesalairelibre.com\/gl_es\/aviso-legal\/","og_locale":"en_US","og_type":"article","og_title":"Aviso legal - Proyecciones al Aire Libre","og_description":"El presente aviso legal establece las condiciones de uso del sitio web. Las marcas y nombres comerciales, son propiedad de proyecciones al aire libre.","og_url":"https:\/\/proyeccionesalairelibre.com\/gl_es\/aviso-legal\/","og_site_name":"Proyecciones al Aire Libre","article_publisher":"https:\/\/www.facebook.com\/proyeccionesalairelibre","article_modified_time":"2025-08-29T10:56:43+00:00","twitter_card":"summary_large_image","twitter_site":"@cineyproyeccion","twitter_misc":{"Est. reading time":"9 minutes"},"schema":{"@context":"https:\/\/schema.org","@graph":[{"@type":"WebPage","@id":"https:\/\/proyeccionesalairelibre.com\/aviso-legal\/","url":"https:\/\/proyeccionesalairelibre.com\/aviso-legal\/","name":"Aviso legal - Proyecciones al Aire Libre","isPartOf":{"@id":"https:\/\/proyeccionesalairelibre.com\/#website"},"datePublished":"2016-11-03T10:44:19+00:00","dateModified":"2025-08-29T10:56:43+00:00","description":"El presente aviso legal establece las condiciones de uso del sitio web. Las marcas y nombres comerciales, son propiedad de proyecciones al aire libre.","breadcrumb":{"@id":"https:\/\/proyeccionesalairelibre.com\/aviso-legal\/#breadcrumb"},"inLanguage":"gl-es","potentialAction":[{"@type":"ReadAction","target":["https:\/\/proyeccionesalairelibre.com\/aviso-legal\/"]}]},{"@type":"BreadcrumbList","@id":"https:\/\/proyeccionesalairelibre.com\/aviso-legal\/#breadcrumb","itemListElement":[{"@type":"ListItem","position":1,"name":"Portada","item":"https:\/\/proyeccionesalairelibre.com\/"},{"@type":"ListItem","position":2,"name":"Aviso legal"}]},{"@type":"WebSite","@id":"https:\/\/proyeccionesalairelibre.com\/#website","url":"https:\/\/proyeccionesalairelibre.com\/","name":"Proyecciones al Aire Libre","description":"Ocio e espect\u00e1culos \u00f3 aire libre","publisher":{"@id":"https:\/\/proyeccionesalairelibre.com\/#organization"},"potentialAction":[{"@type":"SearchAction","target":{"@type":"EntryPoint","urlTemplate":"https:\/\/proyeccionesalairelibre.com\/?s={search_term_string}"},"query-input":{"@type":"PropertyValueSpecification","valueRequired":true,"valueName":"search_term_string"}}],"inLanguage":"gl-es"},{"@type":"Organization","@id":"https:\/\/proyeccionesalairelibre.com\/#organization","name":"Supernova","url":"https:\/\/proyeccionesalairelibre.com\/","logo":{"@type":"ImageObject","inLanguage":"gl-es","@id":"https:\/\/proyeccionesalairelibre.com\/#\/schema\/logo\/image\/","url":"https:\/\/proyeccionesalairelibre.com\/wp-content\/uploads\/2016\/10\/logo_supernova_espiral_rojo_Maiandra_v_.png","contentUrl":"https:\/\/proyeccionesalairelibre.com\/wp-content\/uploads\/2016\/10\/logo_supernova_espiral_rojo_Maiandra_v_.png","width":3502,"height":2482,"caption":"Supernova"},"image":{"@id":"https:\/\/proyeccionesalairelibre.com\/#\/schema\/logo\/image\/"},"sameAs":["https:\/\/www.facebook.com\/proyeccionesalairelibre","https:\/\/x.com\/cineyproyeccion"]}]}},"_links":{"self":[{"href":"https:\/\/proyeccionesalairelibre.com\/gl_es\/wp-json\/wp\/v2\/pages\/83","targetHints":{"allow":["GET"]}}],"collection":[{"href":"https:\/\/proyeccionesalairelibre.com\/gl_es\/wp-json\/wp\/v2\/pages"}],"about":[{"href":"https:\/\/proyeccionesalairelibre.com\/gl_es\/wp-json\/wp\/v2\/types\/page"}],"author":[{"embeddable":true,"href":"https:\/\/proyeccionesalairelibre.com\/gl_es\/wp-json\/wp\/v2\/users\/1"}],"replies":[{"embeddable":true,"href":"https:\/\/proyeccionesalairelibre.com\/gl_es\/wp-json\/wp\/v2\/comments?post=83"}],"version-history":[{"count":5,"href":"https:\/\/proyeccionesalairelibre.com\/gl_es\/wp-json\/wp\/v2\/pages\/83\/revisions"}],"predecessor-version":[{"id":596,"href":"https:\/\/proyeccionesalairelibre.com\/gl_es\/wp-json\/wp\/v2\/pages\/83\/revisions\/596"}],"wp:attachment":[{"href":"https:\/\/proyeccionesalairelibre.com\/gl_es\/wp-json\/wp\/v2\/media?parent=83"}],"curies":[{"name":"wp","href":"https:\/\/api.w.org\/{rel}","templated":true}]}}